{"id":3141,"date":"2021-02-15T19:56:31","date_gmt":"2021-02-15T16:56:31","guid":{"rendered":"https:\/\/www.gerold.ee\/?post_type=product&#038;p=3141"},"modified":"2026-04-12T00:14:28","modified_gmt":"2026-04-11T21:14:28","slug":"bosch-compress-7000i-aw-cs7000iaw-7-or-s","status":"publish","type":"product","link":"https:\/\/www.gerold.ee\/ru\/product\/bosch-compress-7000i-aw-cs7000iaw-7-or-s\/","title":{"rendered":"Bosch Compress 7000i AW (CS7000iAW 7 OR-S)"},"content":{"rendered":"<p>\u0422\u0435\u043f\u043b\u043e\u0432\u043e\u0439 \u043d\u0430\u0441\u043e\u0441 CS7000iAW \u043f\u0440\u0435\u0434\u043d\u0430\u0437\u043d\u0430\u0447\u0435\u043d \u0434\u043b\u044f \u043d\u0430\u0440\u0443\u0436\u043d\u043e\u0439 \u0443\u0441\u0442\u0430\u043d\u043e\u0432\u043a\u0438 \u0438 \u043f\u043e\u0434\u043a\u043b\u044e\u0447\u0435\u043d\u0438\u044f \u043a \u0432\u043d\u0443\u0442\u0440\u0435\u043d\u043d\u0435\u043c\u0443 \u043c\u043e\u0434\u0443\u043b\u044e \u0442\u0435\u043f\u043b\u043e\u0432\u043e\u0433\u043e \u043d\u0430\u0441\u043e\u0441\u0430 AWM, AWMS, AWE \u0438\u043b\u0438 AWB. Compress 7000i AW \u043c\u043e\u0436\u0435\u0442 \u0438\u0441\u043f\u043e\u043b\u044c\u0437\u043e\u0432\u0430\u0442\u044c\u0441\u044f \u043a\u0430\u043a \u0435\u0434\u0438\u043d\u0441\u0442\u0432\u0435\u043d\u043d\u044b\u0439 \u0438\u0441\u0442\u043e\u0447\u043d\u0438\u043a \u0442\u0435\u043f\u043b\u0430 \u0438\u043b\u0438 \u0432 \u0441\u043e\u0447\u0435\u0442\u0430\u043d\u0438\u0438 \u0441 \u0433\u0430\u0437\u043e\u0432\u044b\u043c, \u0434\u0438\u0437\u0435\u043b\u044c\u043d\u044b\u043c \u0438\u043b\u0438 \u043f\u0435\u043b\u043b\u0435\u0442\u043d\u044b\u043c \u043a\u043e\u0442\u043b\u043e\u043c.<br \/>\n\u25b6 \u0420\u0435\u0432\u0435\u0440\u0441\u0438\u0432\u043d\u044b\u0439 \u0442\u0435\u043f\u043b\u043e\u0432\u043e\u0439 \u043d\u0430\u0441\u043e\u0441, \u0413\u0412\u0421, \u043e\u0442\u043e\u043f\u043b\u0435\u043d\u0438\u0435 \u0438 \u0430\u043a\u0442\u0438\u0432\u043d\u043e\u0435 \u043e\u0445\u043b\u0430\u0436\u0434\u0435\u043d\u0438\u0435<br \/>\n\u25b6 \u041e\u0447\u0435\u043d\u044c \u0432\u044b\u0441\u043e\u043a\u0438\u0439 \u041a\u041f\u0414, COP \u0434\u043e 5,3 \u0438 \u043a\u043b\u0430\u0441\u0441 \u044d\u043d\u0435\u0440\u0433\u043e\u044d\u0444\u0444\u0435\u043a\u0442\u0438\u0432\u043d\u043e\u0441\u0442\u0438 A +++<br \/>\n\u25b6 \u041a\u043e\u043c\u043f\u0440\u0435\u0441\u0441\u043e\u0440 \u0441 \u0440\u0435\u0433\u0443\u043b\u044f\u0442\u043e\u0440\u043e\u043c \u043c\u043e\u0449\u043d\u043e\u0441\u0442\u0438 (\u0438\u043d\u0432\u0435\u0440\u0442\u043e\u0440), \u043c\u0430\u043a\u0441\u0438\u043c\u0430\u043b\u044c\u043d\u044b\u0439 \u043a\u043e\u043c\u0444\u043e\u0440\u0442 \u0438 \u043c\u0438\u043d\u0438\u043c\u0430\u043b\u044c\u043d\u043e\u0435 \u043f\u043e\u0442\u0440\u0435\u0431\u043b\u0435\u043d\u0438\u0435 \u044d\u043d\u0435\u0440\u0433\u0438\u0438 \u25b6 \u0412\u044b\u0441\u043e\u043a\u0430\u044f \u0442\u0435\u043c\u043f\u0435\u0440\u0430\u0442\u0443\u0440\u0430 \u043f\u043e\u0434\u0430\u0447\u0438, \u0434\u043e 62 \u00b0 C<br \/>\n\u25b6 \u0422\u0438\u0445\u0430\u044f \u0440\u0430\u0431\u043e\u0442\u0430, \u0432\u0435\u043d\u0442\u0438\u043b\u044f\u0442\u043e\u0440 \u0441 \u0440\u0435\u0433\u0443\u043b\u044f\u0442\u043e\u0440\u043e\u043c \u0441\u043a\u043e\u0440\u043e\u0441\u0442\u0438 (\u0438\u043d\u0432\u0435\u0440\u0442\u043e\u0440) \u0438 \u0437\u0432\u0443\u043a\u043e\u043f\u043e\u0433\u043b\u043e\u0449\u0430\u044e\u0449\u0438\u043c \u043c\u0430\u0442\u0435\u0440\u0438\u0430\u043b\u043e\u043c EPP<br \/>\n\u25b6 \u0420\u0430\u0437\u0440\u0430\u0431\u043e\u0442\u0430\u043d \u0434\u043b\u044f \u0441\u0442\u0440\u0430\u043d \u0421\u0435\u0432\u0435\u0440\u043d\u043e\u0439 \u0415\u0432\u0440\u043e\u043f\u044b, \u0441\u0438\u0441\u0442\u0435\u043c\u0430 \u0440\u0430\u0437\u043c\u043e\u0440\u0430\u0436\u0438\u0432\u0430\u043d\u0438\u044f Smart Soft Defrost \u0438 \u043f\u0440\u043e\u0447\u043d\u044b\u0439 \u043a\u043e\u0440\u043f\u0443\u0441<br \/>\n\u25b6 \u0413\u0435\u0440\u043c\u0435\u0442\u0438\u0447\u043d\u044b\u0439 \u043a\u043e\u043d\u0442\u0443\u0440 \u0445\u043b\u0430\u0434\u0430\u0433\u0435\u043d\u0442\u0430, \u0443\u0441\u0442\u0430\u043d\u043e\u0432\u043a\u0430 \u0431\u0435\u0437 \u0438\u0441\u043f\u043e\u043b\u044c\u0437\u043e\u0432\u0430\u043d\u0438\u044f \u0445\u043b\u0430\u0434\u0430\u0433\u0435\u043d\u0442\u0430<\/p>\n<p><strong>Tehnilised andmed <\/strong><\/p>\n<table width=\"848\">\n<tbody>\n<tr>\n<td width=\"350\"><\/td>\n<td width=\"66\"><\/td>\n<td width=\"86\">5 OR-S<\/td>\n<td width=\"86\">7 OR-S<\/td>\n<td width=\"86\">9 OR-S<\/td>\n<td width=\"86\">13 OR-T<\/td>\n<td width=\"86\">17 OR-T<\/td>\n<\/tr>\n<tr>\n<td width=\"350\">Soojusv\u00f5imsus (A2\/W35)<\/td>\n<td width=\"66\">kW<\/td>\n<td width=\"86\">2,0-5,0<\/td>\n<td width=\"86\">2,0-6,0<\/td>\n<td width=\"86\">3,0-9,0<\/td>\n<td width=\"86\">5,0-12,0<\/td>\n<td width=\"86\">5,5-14,0<\/td>\n<\/tr>\n<tr>\n<td width=\"350\">Nominaalne soojusv\u00f5imsus \/ COP (A7\/W35)*<\/td>\n<td width=\"66\">kW\/ &#8212;<\/td>\n<td width=\"86\">2,14\/ 4,69<\/td>\n<td width=\"86\">2,28\/ 5,31<\/td>\n<td width=\"86\">3,78\/ 5,01<\/td>\n<td width=\"86\">5,18\/ 5,00<\/td>\n<td width=\"86\">5,63\/ 4,87<\/td>\n<\/tr>\n<tr>\n<td width=\"350\">Nominaalne soojusv\u00f5imsus \/ COP (A2\/W35)*<\/td>\n<td width=\"66\">kW\/ &#8212;<\/td>\n<td width=\"86\">2,66\/ 4,04<\/td>\n<td width=\"86\">3,72\/ 3,99<\/td>\n<td width=\"86\">5,09\/ 4,20<\/td>\n<td width=\"86\">7,00\/ 3,64<\/td>\n<td width=\"86\">7,86\/ 4,04<\/td>\n<\/tr>\n<tr>\n<td width=\"350\">Nominaalne soojusv\u00f5imsus \/ COP (A-7\/W35)*<\/td>\n<td width=\"66\">kW\/ &#8212;<\/td>\n<td width=\"86\">4,70\/ 2,81<\/td>\n<td width=\"86\">5,93\/ 2,79<\/td>\n<td width=\"86\">8,25\/ 2,79<\/td>\n<td width=\"86\">10,73\/ 5,00<\/td>\n<td width=\"86\">13,02\/ 2,55<\/td>\n<\/tr>\n<tr>\n<td width=\"350\">Jahutusv\u00f5imsus \/ EER (A35\/W18)<\/td>\n<td width=\"66\">kW\/ &#8212;<\/td>\n<td width=\"86\">5,86\/ 4,23<\/td>\n<td width=\"86\">6,71\/ 3,65<\/td>\n<td width=\"86\">7,11\/ 3,90<\/td>\n<td width=\"86\">11,12\/ 3,23<\/td>\n<td width=\"86\">11,92\/ 3,28<\/td>\n<\/tr>\n<tr>\n<td width=\"350\">Pealevoolu maks. temperatuur (kuni A -2 \u00b0C)<\/td>\n<td width=\"66\">\u00b0\u0421<\/td>\n<td colspan=\"5\" width=\"432\">62<\/td>\n<\/tr>\n<tr>\n<td width=\"350\">T\u00f6\u00f6temperatuuri vahemik, k\u00fcte<\/td>\n<td width=\"66\">\u00b0\u0421<\/td>\n<td colspan=\"5\" width=\"432\">-20&#8230;+35<\/td>\n<\/tr>\n<tr>\n<td width=\"350\">T\u00f6\u00f6temperatuuri vahemik, jahutamine<\/td>\n<td width=\"66\">\u00b0\u0421<\/td>\n<td colspan=\"5\" width=\"432\">+15&#8230;+45<\/td>\n<\/tr>\n<tr>\n<td width=\"350\">Helir\u00f5hu tase 1 m kaugusel**<\/td>\n<td width=\"66\">dB(A)<\/td>\n<td width=\"86\">39<\/td>\n<td width=\"86\">39<\/td>\n<td width=\"86\">40<\/td>\n<td width=\"86\">41<\/td>\n<td width=\"86\">46<\/td>\n<\/tr>\n<tr>\n<td width=\"350\">Heliv\u00f5imsuse tase**<\/td>\n<td width=\"66\">dB(A)<\/td>\n<td width=\"86\">47<\/td>\n<td width=\"86\">47<\/td>\n<td width=\"86\">48<\/td>\n<td width=\"86\">49<\/td>\n<td width=\"86\">54<\/td>\n<\/tr>\n<tr>\n<td width=\"350\">Maks. heliv\u00f5imsus<\/td>\n<td width=\"66\">dB(A)<\/td>\n<td width=\"86\">61<\/td>\n<td width=\"86\">63<\/td>\n<td width=\"86\">64<\/td>\n<td width=\"86\">67<\/td>\n<td width=\"86\">68<\/td>\n<\/tr>\n<tr>\n<td width=\"350\">H\u00fcdraulilised \u00fchendused<\/td>\n<td width=\"66\"><\/td>\n<td colspan=\"5\" width=\"432\">G1\u201d, v\u00e4liskeere<\/td>\n<\/tr>\n<tr>\n<td width=\"350\">Elektri\u00fchendus<\/td>\n<td width=\"66\"><\/td>\n<td colspan=\"3\" width=\"259\">230 V~, 1N, 16 A<\/td>\n<td colspan=\"2\" width=\"173\">400 V~, 3N, 13 A<\/td>\n<\/tr>\n<tr>\n<td width=\"350\">M\u00f5\u00f5tmed (K x L x S)<\/td>\n<td width=\"66\">mm<\/td>\n<td colspan=\"3\" width=\"259\">1380 x 930 x 440<\/td>\n<td colspan=\"2\" width=\"173\">1695 x 1122 x 545<\/td>\n<\/tr>\n<tr>\n<td width=\"350\">Mass k\u00fcljepaneelide ja \u00fclemise katteta \/ koos nendega<\/td>\n<td width=\"66\">kg<\/td>\n<td width=\"86\">88\/106<\/td>\n<td width=\"86\">89\/107<\/td>\n<td width=\"86\">96\/114<\/td>\n<td width=\"86\">154\/182<\/td>\n<td width=\"86\">165\/193<\/td>\n<\/tr>\n<tr>\n<td width=\"350\">Keskkonnakaitse alane teave<\/td>\n<td width=\"66\"><\/td>\n<td colspan=\"5\" width=\"432\">Sisaldab fluoritud kasvuhoonegaase<\/td>\n<\/tr>\n<tr>\n<td width=\"350\">Jahutusvedeliku t\u00fc\u00fcp<\/td>\n<td width=\"66\"><\/td>\n<td colspan=\"5\" width=\"432\">R410A<\/td>\n<\/tr>\n<tr>\n<td width=\"350\">Globaalset soojenemist p\u00f5hjustav potentsiaal (GWP)<\/td>\n<td width=\"66\">kg CO2-e<\/td>\n<td colspan=\"5\" width=\"432\">2088<\/td>\n<\/tr>\n<tr>\n<td width=\"350\">Jahutusvedeliku t\u00e4itekogus<\/td>\n<td width=\"66\">kg<\/td>\n<td width=\"86\">1,70<\/td>\n<td width=\"86\">1,75<\/td>\n<td width=\"86\">2,35<\/td>\n<td width=\"86\">3,30<\/td>\n<td width=\"86\">4,00<\/td>\n<\/tr>\n<tr>\n<td width=\"350\">Jahutusvedeliku t\u00e4itekogus<\/td>\n<td width=\"66\">t CO2-e<\/td>\n<td width=\"86\">3,55<\/td>\n<td width=\"86\">3,65<\/td>\n<td width=\"86\">4,91<\/td>\n<td width=\"86\">6,89<\/td>\n<td width=\"86\">8,35<\/td>\n<\/tr>\n<tr>\n<td width=\"350\">Jahutuskontuuri konstruktsioon<\/td>\n<td width=\"66\"><\/td>\n<td colspan=\"5\" width=\"432\">Hermeetiliselt suletud<\/td>\n<\/tr>\n<\/tbody>\n<\/table>\n<p>&nbsp;<\/p>\n<p>* Vastavalt standardile EN14511, A7\/W35: koormus 40%, A2\/W35: koormus 60%, A-7\/W35: koormus 100% ** Vastavalt standardile EN12102, A7\/W35: koormus 40%<\/p>\n<p><strong>\u041f\u043e\u0434\u0445\u043e\u0434\u0438\u0442 \u0432 \u043a\u043e\u043c\u043f\u043b\u0435\u043a\u0442\u0435 \u0441:<\/strong><\/p>\n<p><strong>Compress 7000i AW<\/strong><\/p>\n<table width=\"641\">\n<tbody>\n<tr>\n<td width=\"132\">T\u00fc\u00fcp<\/td>\n<td width=\"182\">Kirjeldus<\/td>\n<td width=\"48\"><\/td>\n<td width=\"137\">Tellimisnr<\/td>\n<td width=\"71\">Hind (EUR)<\/td>\n<td width=\"71\">Hind koos KM-ga (EUR)<\/td>\n<\/tr>\n<tr>\n<td width=\"132\">AWM 9<\/td>\n<td rowspan=\"2\" width=\"182\">P\u00f5randamoodul, valge<\/td>\n<td width=\"48\"><\/td>\n<td width=\"137\">8\u00a0738\u00a0210\u00a0387<\/td>\n<td width=\"71\">2868,75<\/td>\n<td width=\"71\">3442,50<\/td>\n<\/tr>\n<tr>\n<td width=\"132\">AWM 17<\/td>\n<td width=\"48\"><\/td>\n<td width=\"137\">8\u00a0738\u00a0210\u00a0389<\/td>\n<td width=\"71\">3339,00<\/td>\n<td width=\"71\">4006,80<\/td>\n<\/tr>\n<tr>\n<td width=\"132\">AWM 9 B<\/td>\n<td rowspan=\"2\" width=\"182\">P\u00f5randamoodul, must<\/td>\n<td width=\"48\"><\/td>\n<td width=\"137\">8\u00a0738\u00a0210\u00a0391<\/td>\n<td width=\"71\">2868,75<\/td>\n<td width=\"71\">3442,50<\/td>\n<\/tr>\n<tr>\n<td width=\"132\">AWM 17 B<\/td>\n<td width=\"48\"><\/td>\n<td width=\"137\">8\u00a0738\u00a0210\u00a0393<\/td>\n<td width=\"71\">3339,00<\/td>\n<td width=\"71\">4006,80<\/td>\n<\/tr>\n<tr>\n<td width=\"132\">AWMS 9<\/td>\n<td rowspan=\"2\" width=\"182\">P\u00f5randamoodul, p\u00e4ikesek\u00fcte, valge<\/td>\n<td width=\"48\"><\/td>\n<td width=\"137\">8\u00a0738\u00a0210\u00a0388<\/td>\n<td width=\"71\">3442,50<\/td>\n<td width=\"71\">4131,00<\/td>\n<\/tr>\n<tr>\n<td width=\"132\">AWMS 17<\/td>\n<td width=\"48\"><\/td>\n<td width=\"137\">8\u00a0738\u00a0210\u00a0390<\/td>\n<td width=\"71\">3882,75<\/td>\n<td width=\"71\">4659,30<\/td>\n<\/tr>\n<tr>\n<td width=\"132\">AWMS 9 B<\/td>\n<td rowspan=\"2\" width=\"182\">P\u00f5randamoodul, p\u00e4ikesek\u00fcte, must<\/td>\n<td width=\"48\"><\/td>\n<td width=\"137\">8\u00a0738\u00a0210\u00a0392<\/td>\n<td width=\"71\">3442,50<\/td>\n<td width=\"71\">4131,00<\/td>\n<\/tr>\n<tr>\n<td width=\"132\">AWMS 17 B<\/td>\n<td width=\"48\"><\/td>\n<td width=\"137\">8\u00a0738\u00a0210\u00a0394<\/td>\n<td width=\"71\">3882,75<\/td>\n<td width=\"71\">4659,30<\/td>\n<\/tr>\n<\/tbody>\n<\/table>\n","protected":false},"excerpt":{"rendered":"<p>\u0422\u0435\u043f\u043b\u043e\u0432\u043e\u0439 \u043d\u0430\u0441\u043e\u0441 CS7000iAW \u043f\u0440\u0435\u0434\u043d\u0430\u0437\u043d\u0430\u0447\u0435\u043d \u0434\u043b\u044f \u043d\u0430\u0440\u0443\u0436\u043d\u043e\u0439 \u0443\u0441\u0442\u0430\u043d\u043e\u0432\u043a\u0438 \u0438 \u043f\u043e\u0434\u043a\u043b\u044e\u0447\u0435\u043d\u0438\u044f \u043a \u0432\u043d\u0443\u0442\u0440\u0435\u043d\u043d\u0435\u043c\u0443 \u043c\u043e\u0434\u0443\u043b\u044e \u0442\u0435\u043f\u043b\u043e\u0432\u043e\u0433\u043e \u043d\u0430\u0441\u043e\u0441\u0430 AWM, AWMS, AWE \u0438\u043b\u0438 AWB. Compress 7000i AW \u043c\u043e\u0436\u0435\u0442 \u0438\u0441\u043f\u043e\u043b\u044c\u0437\u043e\u0432\u0430\u0442\u044c\u0441\u044f \u043a\u0430\u043a \u0435\u0434\u0438\u043d\u0441\u0442\u0432\u0435\u043d\u043d\u044b\u0439 \u0438\u0441\u0442\u043e\u0447\u043d\u0438\u043a \u0442\u0435\u043f\u043b\u0430 \u0438\u043b\u0438 \u0432&hellip;<\/p>\n","protected":false},"featured_media":4004,"template":"","meta":[],"product_brand":[],"product_cat":[120,95,101],"product_tag":[],"class_list":{"0":"post-3141","1":"product","2":"type-product","3":"status-publish","4":"has-post-thumbnail","6":"product_cat-bosch-ru","7":"product_cat-95","8":"product_cat-101","10":"first","11":"instock","12":"taxable","13":"shipping-taxable","14":"purchasable","15":"product-type-simple"},"_links":{"self":[{"href":"https:\/\/www.gerold.ee\/ru\/wp-json\/wp\/v2\/product\/3141","targetHints":{"allow":["GET"]}}],"collection":[{"href":"https:\/\/www.gerold.ee\/ru\/wp-json\/wp\/v2\/product"}],"about":[{"href":"https:\/\/www.gerold.ee\/ru\/wp-json\/wp\/v2\/types\/product"}],"version-history":[{"count":0,"href":"https:\/\/www.gerold.ee\/ru\/wp-json\/wp\/v2\/product\/3141\/revisions"}],"wp:featuredmedia":[{"embeddable":true,"href":"https:\/\/www.gerold.ee\/ru\/wp-json\/wp\/v2\/media\/4004"}],"wp:attachment":[{"href":"https:\/\/www.gerold.ee\/ru\/wp-json\/wp\/v2\/media?parent=3141"}],"wp:term":[{"taxonomy":"product_brand","embeddable":true,"href":"https:\/\/www.gerold.ee\/ru\/wp-json\/wp\/v2\/product_brand?post=3141"},{"taxonomy":"product_cat","embeddable":true,"href":"https:\/\/www.gerold.ee\/ru\/wp-json\/wp\/v2\/product_cat?post=3141"},{"taxonomy":"product_tag","embeddable":true,"href":"https:\/\/www.gerold.ee\/ru\/wp-json\/wp\/v2\/product_tag?post=3141"}],"curies":[{"name":"wp","href":"https:\/\/api.w.org\/{rel}","templated":true}]}}