{"id":3157,"date":"2021-02-15T20:50:29","date_gmt":"2021-02-15T17:50:29","guid":{"rendered":"https:\/\/www.gerold.ee\/?post_type=product&#038;p=3157"},"modified":"2026-04-12T00:07:23","modified_gmt":"2026-04-11T21:07:23","slug":"bosch-wh-290-lp1-b","status":"publish","type":"product","link":"https:\/\/www.gerold.ee\/ru\/product\/bosch-wh-290-lp1-b\/","title":{"rendered":"Bosch WH 290 LP1 B"},"content":{"rendered":"<p>\u25b6 \u0411\u043e\u043b\u044c\u0448\u0430\u044f \u0442\u0440\u0443\u0431\u0430 \u043e\u0442\u043e\u043f\u043b\u0435\u043d\u0438\u044f<br \/>\n\u25b6 \u0418\u0437\u0433\u043e\u0442\u043e\u0432\u043b\u0435\u043d \u0438\u0437 \u044d\u043c\u0430\u043b\u0438\u0440\u043e\u0432\u0430\u043d\u043d\u043e\u0439 \u0441\u0442\u0430\u043b\u0438, \u0441\u043d\u0430\u0440\u0443\u0436\u0438 &#8212; \u0431\u0435\u043b\u0430\u044f \u041f\u0412\u0425-\u043f\u043b\u0435\u043d\u043a\u0430.<br \/>\n\u25b6 \u041d\u0438\u0437\u043a\u0438\u0435 \u0442\u0435\u043f\u043b\u043e\u0432\u044b\u0435 \u043f\u043e\u0442\u0435\u0440\u0438 \u0437\u0430 \u0441\u0447\u0435\u0442 \u044d\u0444\u0444\u0435\u043a\u0442\u0438\u0432\u043d\u043e\u0439 \u0438 \u044d\u043a\u043e\u043b\u043e\u0433\u0438\u0447\u0435\u0441\u043a\u0438 \u0447\u0438\u0441\u0442\u043e\u0439 \u0442\u0435\u043f\u043b\u043e\u0438\u0437\u043e\u043b\u044f\u0446\u0438\u0438 \u25b6 \u0421\u043c\u0435\u043d\u043d\u044b\u0439 \u043c\u0430\u0433\u043d\u0438\u0435\u0432\u044b\u0439 \u0430\u043d\u043e\u0434 \u0437\u0430\u0449\u0438\u0449\u0430\u0435\u0442 \u043e\u0442 \u043a\u043e\u0440\u0440\u043e\u0437\u0438\u0438<br \/>\n\u25b6 \u0411\u043e\u043b\u044c\u0448\u043e\u0439 \u0444\u043b\u0430\u043d\u0435\u0446 \u0434\u043b\u044f \u043b\u0435\u0433\u043a\u043e\u0439 \u0438 \u0443\u0434\u043e\u0431\u043d\u043e\u0439 \u043e\u0447\u0438\u0441\u0442\u043a\u0438 \u0438 \u043e\u0431\u0441\u043b\u0443\u0436\u0438\u0432\u0430\u043d\u0438\u044f \u0440\u0435\u0437\u0435\u0440\u0432\u0443\u0430\u0440\u0430 \u25b6 \u0414\u0430\u0442\u0447\u0438\u043a \u0442\u0435\u043c\u043f\u0435\u0440\u0430\u0442\u0443\u0440\u044b \u043a\u043e\u0442\u043b\u0430 (\u2116 1133) \u0437\u0430\u043a\u0430\u0437\u044b\u0432\u0430\u0435\u0442\u0441\u044f \u043e\u0442\u0434\u0435\u043b\u044c\u043d\u043e.<\/p>\n<p><strong>Tehnilised andmed<\/strong><\/p>\n<table width=\"642\">\n<tbody>\n<tr>\n<td colspan=\"2\" width=\"314\"><\/td>\n<td width=\"50\"><\/td>\n<td width=\"93\">WH 290<\/td>\n<td width=\"93\">WH 370<\/td>\n<td width=\"92\">WH 400<\/td>\n<\/tr>\n<tr>\n<td colspan=\"2\" width=\"314\">Kasulik maht<\/td>\n<td width=\"50\">l<\/td>\n<td width=\"93\">277<\/td>\n<td width=\"93\">352<\/td>\n<td width=\"92\">399<\/td>\n<\/tr>\n<tr>\n<td colspan=\"2\" width=\"314\">K\u00fcttepinna max v\u00f5imsus, kui tv = 55 \u00b0C ja tsp = 45 \u00b0C<\/td>\n<td width=\"50\">kW<\/td>\n<td width=\"93\">11,0<\/td>\n<td width=\"93\">14,0<\/td>\n<td width=\"92\">23,0<\/td>\n<\/tr>\n<tr>\n<td colspan=\"2\" width=\"314\">K\u00fcttepind<\/td>\n<td width=\"50\">m2<\/td>\n<td width=\"93\">3,2<\/td>\n<td width=\"93\">4,2<\/td>\n<td width=\"92\">7,0<\/td>\n<\/tr>\n<tr>\n<td colspan=\"2\" width=\"314\">K\u00fcttevee maht k\u00fcttetorus<\/td>\n<td width=\"50\">l<\/td>\n<td width=\"93\">22,0<\/td>\n<td width=\"93\">29,0<\/td>\n<td width=\"92\">47,5<\/td>\n<\/tr>\n<tr>\n<td colspan=\"2\" width=\"314\">Sooja tarbevee tootlikus l\u00e4bivoolure\u017eiimis, kui tv = 60 \u00b0C ja tsp = 45 \u00b0C (boileri max soojendamisv\u00f5imsus)<\/td>\n<td width=\"50\">l\/h<\/td>\n<td width=\"93\">216<\/td>\n<td width=\"93\">320<\/td>\n<td width=\"92\">514<\/td>\n<\/tr>\n<tr>\n<td colspan=\"2\" width=\"314\">V\u00f5imsustegur vastavalt standardile DIN 4708*<\/td>\n<td width=\"50\"><\/td>\n<td width=\"93\">2,3<\/td>\n<td width=\"93\">3,0<\/td>\n<td width=\"92\">3,7<\/td>\n<\/tr>\n<tr>\n<td rowspan=\"2\" width=\"127\">\u00dchendused<\/td>\n<td width=\"187\">vesi<\/td>\n<td width=\"50\">R<\/td>\n<td colspan=\"3\" width=\"278\">1\u201d<\/td>\n<\/tr>\n<tr>\n<td width=\"187\">k\u00fcte<\/td>\n<td width=\"50\">R<\/td>\n<td colspan=\"3\" width=\"278\">11\u20444\u201d<\/td>\n<\/tr>\n<tr>\n<td colspan=\"2\" width=\"314\">P\u00fcsivad soojuskaod<\/td>\n<td width=\"50\">kW<\/td>\n<td width=\"93\">67<\/td>\n<td width=\"93\">63<\/td>\n<td width=\"92\">74<\/td>\n<\/tr>\n<tr>\n<td colspan=\"2\" width=\"314\">Tarbevee maksimaalne r\u00f5hk<\/td>\n<td width=\"50\">bar<\/td>\n<td colspan=\"3\" width=\"278\">10<\/td>\n<\/tr>\n<tr>\n<td colspan=\"2\" width=\"314\">K\u00fcttevee maksimaalne r\u00f5hk<\/td>\n<td width=\"50\">bar<\/td>\n<td colspan=\"3\" width=\"278\">10<\/td>\n<\/tr>\n<tr>\n<td colspan=\"2\" width=\"314\">Mass<\/td>\n<td width=\"50\">kg<\/td>\n<td width=\"93\">137<\/td>\n<td width=\"93\">145<\/td>\n<td width=\"92\">200<\/td>\n<\/tr>\n<tr>\n<td colspan=\"2\" width=\"314\">M\u00f5\u00f5tmed: k\u00f5rgus\/l\u00e4bim\u00f5\u00f5t<\/td>\n<td width=\"50\">mm\/mm<\/td>\n<td width=\"93\">1294\/700<\/td>\n<td width=\"93\">1591\/700<\/td>\n<td width=\"92\">1921\/700<\/td>\n<\/tr>\n<\/tbody>\n<\/table>\n<p>&nbsp;<\/p>\n<p>* Vastavalt standardile DIN 4708 v\u00f5imsustegur NL=1, kui on 3,5 inimest, standardne vann ja k\u00f6\u00f6givalamu. Temperatuur: boiler 60 \u00b0C, v\u00e4ljund 45 \u00b0C ja k\u00fclm vesi 10 \u00b0C. M\u00f5\u00f5tmised on tehtud maksimaalse k\u00fcttev\u00f5imsuse juures.<\/p>\n<p>tv \u2013pealevoolu temperatuur, tsp \u2013 kuumaveeboileri temperatuur, tz \u2013 sooja tarbevee v\u00e4ljundtemperatuur, tk \u2013 k\u00fclma vee temperatuur<\/p>\n","protected":false},"excerpt":{"rendered":"<p>\u25b6 \u0411\u043e\u043b\u044c\u0448\u0430\u044f \u0442\u0440\u0443\u0431\u0430 \u043e\u0442\u043e\u043f\u043b\u0435\u043d\u0438\u044f \u25b6 \u0418\u0437\u0433\u043e\u0442\u043e\u0432\u043b\u0435\u043d \u0438\u0437 \u044d\u043c\u0430\u043b\u0438\u0440\u043e\u0432\u0430\u043d\u043d\u043e\u0439 \u0441\u0442\u0430\u043b\u0438, \u0441\u043d\u0430\u0440\u0443\u0436\u0438 &#8212; \u0431\u0435\u043b\u0430\u044f \u041f\u0412\u0425-\u043f\u043b\u0435\u043d\u043a\u0430. \u25b6 \u041d\u0438\u0437\u043a\u0438\u0435 \u0442\u0435\u043f\u043b\u043e\u0432\u044b\u0435 \u043f\u043e\u0442\u0435\u0440\u0438 \u0437\u0430 \u0441\u0447\u0435\u0442 \u044d\u0444\u0444\u0435\u043a\u0442\u0438\u0432\u043d\u043e\u0439 \u0438 \u044d\u043a\u043e\u043b\u043e\u0433\u0438\u0447\u0435\u0441\u043a\u0438 \u0447\u0438\u0441\u0442\u043e\u0439 \u0442\u0435\u043f\u043b\u043e\u0438\u0437\u043e\u043b\u044f\u0446\u0438\u0438 \u25b6 \u0421\u043c\u0435\u043d\u043d\u044b\u0439 \u043c\u0430\u0433\u043d\u0438\u0435\u0432\u044b\u0439 \u0430\u043d\u043e\u0434 \u0437\u0430\u0449\u0438\u0449\u0430\u0435\u0442 \u043e\u0442&hellip;<\/p>\n","protected":false},"featured_media":3158,"template":"","meta":[],"product_brand":[],"product_cat":[120,93],"product_tag":[],"class_list":{"0":"post-3157","1":"product","2":"type-product","3":"status-publish","4":"has-post-thumbnail","6":"product_cat-bosch-ru","7":"product_cat-93","9":"first","10":"instock","11":"taxable","12":"shipping-taxable","13":"purchasable","14":"product-type-simple"},"_links":{"self":[{"href":"https:\/\/www.gerold.ee\/ru\/wp-json\/wp\/v2\/product\/3157","targetHints":{"allow":["GET"]}}],"collection":[{"href":"https:\/\/www.gerold.ee\/ru\/wp-json\/wp\/v2\/product"}],"about":[{"href":"https:\/\/www.gerold.ee\/ru\/wp-json\/wp\/v2\/types\/product"}],"version-history":[{"count":0,"href":"https:\/\/www.gerold.ee\/ru\/wp-json\/wp\/v2\/product\/3157\/revisions"}],"wp:featuredmedia":[{"embeddable":true,"href":"https:\/\/www.gerold.ee\/ru\/wp-json\/wp\/v2\/media\/3158"}],"wp:attachment":[{"href":"https:\/\/www.gerold.ee\/ru\/wp-json\/wp\/v2\/media?parent=3157"}],"wp:term":[{"taxonomy":"product_brand","embeddable":true,"href":"https:\/\/www.gerold.ee\/ru\/wp-json\/wp\/v2\/product_brand?post=3157"},{"taxonomy":"product_cat","embeddable":true,"href":"https:\/\/www.gerold.ee\/ru\/wp-json\/wp\/v2\/product_cat?post=3157"},{"taxonomy":"product_tag","embeddable":true,"href":"https:\/\/www.gerold.ee\/ru\/wp-json\/wp\/v2\/product_tag?post=3157"}],"curies":[{"name":"wp","href":"https:\/\/api.w.org\/{rel}","templated":true}]}}