{"id":3182,"date":"2021-02-15T21:15:24","date_gmt":"2021-02-15T18:15:24","guid":{"rendered":"https:\/\/www.gerold.ee\/?post_type=product&#038;p=3182"},"modified":"2026-04-12T00:05:22","modified_gmt":"2026-04-11T21:05:22","slug":"bosch-bst-200-5-ehp","status":"publish","type":"product","link":"https:\/\/www.gerold.ee\/ru\/product\/bosch-bst-200-5-ehp\/","title":{"rendered":"Bosch BST 200-5 Ehp"},"content":{"rendered":"<p>\u2022 \u25b6 \u041d\u0430\u043a\u043e\u043f\u0438\u0442\u0435\u043b\u044c\u043d\u044b\u0439 \u0431\u0430\u043a \u043f\u0440\u0435\u0434\u043d\u0430\u0437\u043d\u0430\u0447\u0435\u043d \u0434\u043b\u044f \u0438\u0441\u043f\u043e\u043b\u044c\u0437\u043e\u0432\u0430\u043d\u0438\u044f \u0441 \u0442\u0435\u043f\u043b\u043e\u0432\u044b\u043c\u0438 \u043d\u0430\u0441\u043e\u0441\u0430\u043c\u0438.<br \/>\n\u25b6 \u0421\u043f\u0435\u0446\u0438\u0430\u043b\u044c\u043d\u044b\u0435 \u043f\u043e\u0434\u0430\u044e\u0449\u0438\u0435 \u0438 \u043e\u0431\u0440\u0430\u0442\u043d\u044b\u0435 \u0442\u0440\u0443\u0431\u044b \u0432 \u0437\u043e\u043d\u0435 \u043d\u0430\u0433\u0440\u0435\u0432\u0430 \u043e\u0431\u0435\u0441\u043f\u0435\u0447\u0438\u0432\u0430\u044e\u0442 \u043d\u0435\u0431\u043e\u043b\u044c\u0448\u0438\u0435 \u043f\u043e\u0442\u0435\u0440\u0438 \u0442\u0435\u043c\u043f\u0435\u0440\u0430\u0442\u0443\u0440\u044b.<br \/>\n\u25b6 \u0418\u0437\u0433\u043e\u0442\u043e\u0432\u043b\u0435\u043d \u0438\u0437 \u0441\u0442\u0430\u043b\u0438<br \/>\n\u25b6 \u041a\u043e\u0440\u043f\u0443\u0441: \u043e\u043a\u0440\u0430\u0448\u0435\u043d\u043d\u044b\u0439 \u043b\u0438\u0441\u0442 \u0441 \u0442\u0435\u043f\u043b\u043e\u0438\u0437\u043e\u043b\u044f\u0446\u0438\u0435\u0439 \u0438\u0437 \u043f\u0435\u043d\u043e\u043f\u043e\u043b\u0438\u0443\u0440\u0435\u0442\u0430\u043d\u0430.<\/p>\n<p><strong>Tehnilised andmed<\/strong><\/p>\n<table width=\"642\">\n<tbody>\n<tr>\n<td width=\"314\"><\/td>\n<td width=\"50\"><\/td>\n<td width=\"93\">BST 120<\/td>\n<td width=\"92\">BST 200<\/td>\n<td width=\"93\">BST 300<\/td>\n<\/tr>\n<tr>\n<td width=\"314\">Boileri maht<\/td>\n<td width=\"50\">l<\/td>\n<td width=\"93\">120<\/td>\n<td width=\"92\">200<\/td>\n<td width=\"93\">300<\/td>\n<\/tr>\n<tr>\n<td width=\"314\">Max t\u00f6\u00f6r\u00f5hk<\/td>\n<td width=\"50\">bar<\/td>\n<td colspan=\"3\" width=\"278\">3<\/td>\n<\/tr>\n<tr>\n<td width=\"314\">Max t\u00f6\u00f6temperatuur<\/td>\n<td width=\"50\">\u00b0C<\/td>\n<td colspan=\"3\" width=\"278\">90<\/td>\n<\/tr>\n<tr>\n<td width=\"314\">\u00dchendused<\/td>\n<td width=\"50\">R<\/td>\n<td width=\"93\">3\u20444\u201d<\/td>\n<td width=\"92\">1\u201d<\/td>\n<td width=\"93\">1\u201d<\/td>\n<\/tr>\n<tr>\n<td width=\"314\">M\u00f5\u00f5tmed: k\u00f5rgus\/l\u00e4bim\u00f5\u00f5t<\/td>\n<td width=\"50\">mm\/mm<\/td>\n<td width=\"93\">980\/ 510<\/td>\n<td width=\"92\">1530\/ 550<\/td>\n<td width=\"93\">1495\/ 670<\/td>\n<\/tr>\n<tr>\n<td width=\"314\">Mass (koos veega)<\/td>\n<td width=\"50\">kg<\/td>\n<td width=\"93\">173<\/td>\n<td width=\"92\">275<\/td>\n<td width=\"93\">387<\/td>\n<\/tr>\n<\/tbody>\n<\/table>\n<p>&nbsp;<\/p>\n<p><strong>\u0420\u0435\u043a\u043e\u043c\u0435\u043d\u0434\u0443\u0435\u0442\u0441\u044f \u043a\u043e \u0432\u0441\u0435\u043c \u0442\u0435\u043f\u043b\u043e\u0432\u044b\u043c \u043d\u0430\u0441\u043e\u0441\u0430\u043c\u00a0<\/strong><\/p>\n","protected":false},"excerpt":{"rendered":"<p>\u2022 \u25b6 \u041d\u0430\u043a\u043e\u043f\u0438\u0442\u0435\u043b\u044c\u043d\u044b\u0439 \u0431\u0430\u043a \u043f\u0440\u0435\u0434\u043d\u0430\u0437\u043d\u0430\u0447\u0435\u043d \u0434\u043b\u044f \u0438\u0441\u043f\u043e\u043b\u044c\u0437\u043e\u0432\u0430\u043d\u0438\u044f \u0441 \u0442\u0435\u043f\u043b\u043e\u0432\u044b\u043c\u0438 \u043d\u0430\u0441\u043e\u0441\u0430\u043c\u0438. \u25b6 \u0421\u043f\u0435\u0446\u0438\u0430\u043b\u044c\u043d\u044b\u0435 \u043f\u043e\u0434\u0430\u044e\u0449\u0438\u0435 \u0438 \u043e\u0431\u0440\u0430\u0442\u043d\u044b\u0435 \u0442\u0440\u0443\u0431\u044b \u0432 \u0437\u043e\u043d\u0435 \u043d\u0430\u0433\u0440\u0435\u0432\u0430 \u043e\u0431\u0435\u0441\u043f\u0435\u0447\u0438\u0432\u0430\u044e\u0442 \u043d\u0435\u0431\u043e\u043b\u044c\u0448\u0438\u0435 \u043f\u043e\u0442\u0435\u0440\u0438 \u0442\u0435\u043c\u043f\u0435\u0440\u0430\u0442\u0443\u0440\u044b. \u25b6 \u0418\u0437\u0433\u043e\u0442\u043e\u0432\u043b\u0435\u043d \u0438\u0437 \u0441\u0442\u0430\u043b\u0438 \u25b6 \u041a\u043e\u0440\u043f\u0443\u0441: \u043e\u043a\u0440\u0430\u0448\u0435\u043d\u043d\u044b\u0439&hellip;<\/p>\n","protected":false},"featured_media":3176,"template":"","meta":[],"product_brand":[],"product_cat":[120,104],"product_tag":[],"class_list":{"0":"post-3182","1":"product","2":"type-product","3":"status-publish","4":"has-post-thumbnail","6":"product_cat-bosch-ru","7":"product_cat-104","9":"first","10":"instock","11":"taxable","12":"shipping-taxable","13":"purchasable","14":"product-type-simple"},"_links":{"self":[{"href":"https:\/\/www.gerold.ee\/ru\/wp-json\/wp\/v2\/product\/3182","targetHints":{"allow":["GET"]}}],"collection":[{"href":"https:\/\/www.gerold.ee\/ru\/wp-json\/wp\/v2\/product"}],"about":[{"href":"https:\/\/www.gerold.ee\/ru\/wp-json\/wp\/v2\/types\/product"}],"version-history":[{"count":0,"href":"https:\/\/www.gerold.ee\/ru\/wp-json\/wp\/v2\/product\/3182\/revisions"}],"wp:featuredmedia":[{"embeddable":true,"href":"https:\/\/www.gerold.ee\/ru\/wp-json\/wp\/v2\/media\/3176"}],"wp:attachment":[{"href":"https:\/\/www.gerold.ee\/ru\/wp-json\/wp\/v2\/media?parent=3182"}],"wp:term":[{"taxonomy":"product_brand","embeddable":true,"href":"https:\/\/www.gerold.ee\/ru\/wp-json\/wp\/v2\/product_brand?post=3182"},{"taxonomy":"product_cat","embeddable":true,"href":"https:\/\/www.gerold.ee\/ru\/wp-json\/wp\/v2\/product_cat?post=3182"},{"taxonomy":"product_tag","embeddable":true,"href":"https:\/\/www.gerold.ee\/ru\/wp-json\/wp\/v2\/product_tag?post=3182"}],"curies":[{"name":"wp","href":"https:\/\/api.w.org\/{rel}","templated":true}]}}