{"id":3271,"date":"2021-03-14T15:07:54","date_gmt":"2021-03-14T12:07:54","guid":{"rendered":"https:\/\/www.gerold.ee\/?post_type=product&#038;p=3271"},"modified":"2026-04-12T00:01:13","modified_gmt":"2026-04-11T21:01:13","slug":"bosch-wstb-200","status":"publish","type":"product","link":"https:\/\/www.gerold.ee\/ru\/product\/bosch-wstb-200\/","title":{"rendered":"Bosch WSTB 200"},"content":{"rendered":"<p>\u0412\u043e\u0434\u043e\u0433\u0440\u0435\u0439\u043d\u044b\u0439 \u043a\u043e\u0442\u0435\u043b \u043f\u0440\u0435\u0434\u043d\u0430\u0437\u043d\u0430\u0447\u0435\u043d \u0434\u043b\u044f \u0438\u0441\u043f\u043e\u043b\u044c\u0437\u043e\u0432\u0430\u043d\u0438\u044f \u0441\u043e \u0432\u0441\u0435\u043c\u0438 \u043a\u043e\u0442\u043b\u0430\u043c\u0438.<br \/>\n\u0418\u0437\u0433\u043e\u0442\u043e\u0432\u043b\u0435\u043d \u0438\u0437 \u044d\u043c\u0430\u043b\u0438\u0440\u043e\u0432\u0430\u043d\u043d\u043e\u0439 \u0441\u0442\u0430\u043b\u0438, \u0441\u043d\u0430\u0440\u0443\u0436\u0438 &#8212; \u0431\u0435\u043b\u0430\u044f \u041f\u0412\u0425 \u043f\u043b\u0435\u043d\u043a\u0430.<br \/>\n\u25b6 \u0423\u0441\u0438\u043b\u0435\u043d\u043d\u0430\u044f \u044d\u043a\u043e\u043b\u043e\u0433\u0438\u0447\u0435\u0441\u043a\u0438 \u0447\u0438\u0441\u0442\u0430\u044f \u0442\u0435\u043f\u043b\u043e\u0438\u0437\u043e\u043b\u044f\u0446\u0438\u044f<br \/>\n\u25b6 \u0421\u043c\u0435\u043d\u043d\u044b\u0439 \u043c\u0430\u0433\u043d\u0438\u0435\u0432\u044b\u0439 \u0430\u043d\u043e\u0434 \u0437\u0430\u0449\u0438\u0449\u0430\u0435\u0442 \u043e\u0442 \u043a\u043e\u0440\u0440\u043e\u0437\u0438\u0438.<br \/>\n\u25b6 \u041f\u043e\u0434\u043a\u043b\u044e\u0447\u0435\u043d\u0438\u0435 \u0446\u0438\u0440\u043a\u0443\u043b\u044f\u0446\u0438\u0438 \u0413\u0412\u0421<br \/>\n\u25b6 \u0414\u0430\u0442\u0447\u0438\u043a \u0442\u0435\u043c\u043f\u0435\u0440\u0430\u0442\u0443\u0440\u044b \u043a\u043e\u0442\u043b\u0430 (NTC) \u0437\u0430\u043a\u0430\u0437\u044b\u0432\u0430\u0435\u0442\u0441\u044f \u043e\u0442\u0434\u0435\u043b\u044c\u043d\u043e.<br \/>\n\u0412\u0430\u0440\u0438\u0430\u043d\u0442\u044b \u0441\u0431\u043e\u0440\u043a\u0438 \u0441\u043c\u043e\u0442\u0440\u0438\u0442\u0435 \u0432 \u0440\u0430\u0437\u0434\u0435\u043b\u0435: \u0410\u0441\u0441\u043e\u0440\u0442\u0438\u043c\u0435\u043d\u0442 \u043f\u0440\u0438\u043d\u0430\u0434\u043b\u0435\u0436\u043d\u043e\u0441\u0442\u0435\u0439 \u0434\u043b\u044f \u0432\u043e\u0434\u043e\u0433\u0440\u0435\u0439\u043d\u044b\u0445 \u043a\u043e\u0442\u043b\u043e\u0432.<br \/>\n\u0422\u0435\u0445\u043d\u0438\u0447\u0435\u0441\u043a\u0438\u0435 \u0445\u0430\u0440\u0430\u043a\u0442\u0435\u0440\u0438\u0441\u0442\u0438\u043a\u0438<\/p>\n<table>\n<tbody>\n<tr>\n<td><span style=\"font-weight: 400;\">T\u00fc\u00fcp<\/span><\/td>\n<td><span style=\"font-weight: 400;\">Kirjeldus<\/span><\/td>\n<td><\/td>\n<td><span style=\"font-weight: 400;\">Tellimisnr<\/span><\/td>\n<td><span style=\"font-weight: 400;\">Hind (EUR)<\/span><\/td>\n<td><span style=\"font-weight: 400;\">Hind koos KM-ga (EUR)<\/span><\/td>\n<\/tr>\n<tr>\n<td><span style=\"font-weight: 400;\">WSTB 160<\/span><\/td>\n<td rowspan=\"3\"><span style=\"font-weight: 400;\">Kuumaveeboiler, valge<\/span><\/td>\n<td rowspan=\"3\"><\/td>\n<td><span style=\"font-weight: 400;\">8\u00a0718\u00a0545\u00a0251<\/span><\/td>\n<td>680,20<\/td>\n<td>829,84<\/td>\n<\/tr>\n<tr>\n<td><span style=\"font-weight: 400;\">WSTB 200<\/span><\/td>\n<td><span style=\"font-weight: 400;\">8\u00a0718\u00a0545\u00a0259<\/span><\/td>\n<td>793,75<\/td>\n<td>968,37<\/td>\n<\/tr>\n<tr>\n<td><span style=\"font-weight: 400;\">WSTB 300<\/span><\/td>\n<td><span style=\"font-weight: 400;\">8\u00a0718\u00a0545\u00a0265<\/span><\/td>\n<td>964,09<\/td>\n<td>1176,19<\/td>\n<\/tr>\n<\/tbody>\n<\/table>\n<p>&nbsp;<\/p>\n<table>\n<tbody>\n<tr>\n<td colspan=\"2\"><\/td>\n<td><\/td>\n<td><span style=\"font-weight: 400;\">WSTB 160<\/span><\/td>\n<td><span style=\"font-weight: 400;\">WSTB 200<\/span><\/td>\n<td><span style=\"font-weight: 400;\">WSTB 300<\/span><\/td>\n<\/tr>\n<tr>\n<td colspan=\"2\"><span style=\"font-weight: 400;\">Kasulik maht<\/span><\/td>\n<td><span style=\"font-weight: 400;\">l<\/span><\/td>\n<td><span style=\"font-weight: 400;\">156<\/span><\/td>\n<td><span style=\"font-weight: 400;\">197<\/span><\/td>\n<td><span style=\"font-weight: 400;\">297<\/span><\/td>\n<\/tr>\n<tr>\n<td colspan=\"2\"><span style=\"font-weight: 400;\">K\u00fcttepinna max v\u00f5imsus, kui t<\/span><span style=\"font-weight: 400;\">v <\/span><span style=\"font-weight: 400;\">= 80 \u00b0C, t<\/span><span style=\"font-weight: 400;\">z <\/span><span style=\"font-weight: 400;\">= 45 \u00b0C<\/span><\/td>\n<td><span style=\"font-weight: 400;\">kW<\/span><\/td>\n<td><span style=\"font-weight: 400;\">20,8<\/span><\/td>\n<td><span style=\"font-weight: 400;\">20,6<\/span><\/td>\n<td><span style=\"font-weight: 400;\">31,8<\/span><\/td>\n<\/tr>\n<tr>\n<td colspan=\"2\"><span style=\"font-weight: 400;\">Sooja tarbevee tootlikkus l\u00e4bivoolure\u017eiimis, kui t<\/span><span style=\"font-weight: 400;\">v <\/span><span style=\"font-weight: 400;\">=80\u00b0C,t<\/span><span style=\"font-weight: 400;\">z <\/span><span style=\"font-weight: 400;\">=45\u00b0C,t<\/span><span style=\"font-weight: 400;\">k <\/span><span style=\"font-weight: 400;\">=10\u00b0C<\/span><\/td>\n<td><span style=\"font-weight: 400;\">l\/h<\/span><\/td>\n<td><span style=\"font-weight: 400;\">511<\/span><\/td>\n<td><span style=\"font-weight: 400;\">506<\/span><\/td>\n<td><span style=\"font-weight: 400;\">781<\/span><\/td>\n<\/tr>\n<tr>\n<td colspan=\"2\"><span style=\"font-weight: 400;\">V\u00f5imsustegur N * max v\u00f5imsusel <\/span><span style=\"font-weight: 400;\">L<\/span><\/td>\n<td><\/td>\n<td><span style=\"font-weight: 400;\">2,2<\/span><\/td>\n<td><span style=\"font-weight: 400;\">3,8<\/span><\/td>\n<td><span style=\"font-weight: 400;\">8,4<\/span><\/td>\n<\/tr>\n<tr>\n<td colspan=\"2\"><span style=\"font-weight: 400;\">Minimaalne soojendamisaeg alates t<\/span><span style=\"font-weight: 400;\">k <\/span><span style=\"font-weight: 400;\">= 10 \u00b0C kuni t<\/span><span style=\"font-weight: 400;\">sp <\/span><span style=\"font-weight: 400;\">= 60 \u00b0C k\u00fcttev\u00f5imsusel 24 kW<\/span><\/td>\n<td><span style=\"font-weight: 400;\">min<\/span><\/td>\n<td><span style=\"font-weight: 400;\">37<\/span><\/td>\n<td><span style=\"font-weight: 400;\">47<\/span><\/td>\n<td><span style=\"font-weight: 400;\">51<\/span><\/td>\n<\/tr>\n<tr>\n<td rowspan=\"2\"><span style=\"font-weight: 400;\">\u00dchendused<\/span><\/td>\n<td><span style=\"font-weight: 400;\">vesi<\/span><\/td>\n<td><span style=\"font-weight: 400;\">R<\/span><\/td>\n<td colspan=\"3\"><span style=\"font-weight: 400;\">1\u201d<\/span><\/td>\n<\/tr>\n<tr>\n<td><span style=\"font-weight: 400;\">k\u00fcte<\/span><\/td>\n<td><span style=\"font-weight: 400;\">R<\/span><\/td>\n<td colspan=\"3\"><span style=\"font-weight: 400;\">1\u201d<\/span><\/td>\n<\/tr>\n<tr>\n<td colspan=\"2\"><span style=\"font-weight: 400;\">Soojuskaod \u00f6\u00f6p\u00e4evas (DIN 4708)**<\/span><\/td>\n<td><span style=\"font-weight: 400;\">kWh\/p<\/span><\/td>\n<td><span style=\"font-weight: 400;\">1,5<\/span><\/td>\n<td><span style=\"font-weight: 400;\">1,7<\/span><\/td>\n<td><span style=\"font-weight: 400;\">1,94<\/span><\/td>\n<\/tr>\n<tr>\n<td colspan=\"2\"><span style=\"font-weight: 400;\">Tarbevee max r\u00f5hk<\/span><\/td>\n<td><span style=\"font-weight: 400;\">bar<\/span><\/td>\n<td colspan=\"3\"><span style=\"font-weight: 400;\">10<\/span><\/td>\n<\/tr>\n<tr>\n<td colspan=\"2\"><span style=\"font-weight: 400;\">K\u00fcttevee max r\u00f5hk<\/span><\/td>\n<td><span style=\"font-weight: 400;\">bar<\/span><\/td>\n<td colspan=\"3\"><span style=\"font-weight: 400;\">10<\/span><\/td>\n<\/tr>\n<tr>\n<td colspan=\"2\"><span style=\"font-weight: 400;\">Mass (ilma pakendita)<\/span><\/td>\n<td><span style=\"font-weight: 400;\">kg<\/span><\/td>\n<td><span style=\"font-weight: 400;\">42<\/span><\/td>\n<td><span style=\"font-weight: 400;\">48<\/span><\/td>\n<td><span style=\"font-weight: 400;\">74<\/span><\/td>\n<\/tr>\n<tr>\n<td colspan=\"2\"><span style=\"font-weight: 400;\">\u00dcmbrise\/kaane v\u00e4rvus<\/span><\/td>\n<td><\/td>\n<td colspan=\"3\"><span style=\"font-weight: 400;\">valge<\/span><\/td>\n<\/tr>\n<tr>\n<td colspan=\"2\"><span style=\"font-weight: 400;\">M\u00f5\u00f5tmed: k\u00f5rgus\/l\u00e4bim\u00f5\u00f5t<\/span><\/td>\n<td><span style=\"font-weight: 400;\">mm<\/span><\/td>\n<td><span style=\"font-weight: 400;\">1193\/550<\/span><\/td>\n<td><span style=\"font-weight: 400;\">1453\/550<\/span><\/td>\n<td><span style=\"font-weight: 400;\">1406\/670<\/span><\/td>\n<\/tr>\n<\/tbody>\n<\/table>\n<p>&nbsp;<\/p>\n<p><span style=\"font-weight: 400;\">* N<\/span><span style=\"font-weight: 400;\">L <\/span><span style=\"font-weight: 400;\">\u2013 v\u00f5imsustegur (vastavalt DIN 4708, kui t<\/span><span style=\"font-weight: 400;\">v <\/span><span style=\"font-weight: 400;\">= 90 \u00b0C, t<\/span><span style=\"font-weight: 400;\">sp <\/span><span style=\"font-weight: 400;\">= 60 \u00b0C, t<\/span><span style=\"font-weight: 400;\">z <\/span><span style=\"font-weight: 400;\">= 45 \u00b0C, t<\/span><span style=\"font-weight: 400;\">k <\/span><span style=\"font-weight: 400;\">= 10 \u00b0C ja k\u00fcttepinna v\u00f5imsus on maksimaalne) m\u00e4\u00e4rab sooja tarbeveega varustatavate korterite arvu, eeldades, et korteris elab 3,5 inimest, on \u00fcks vann ja kaks valamut\u00a0<\/span><\/p>\n<p><span style=\"font-weight: 400;\">** Arvestamata soojuskadusid v\u00f5rgus\u00a0<\/span><\/p>\n","protected":false},"excerpt":{"rendered":"<p>\u0412\u043e\u0434\u043e\u0433\u0440\u0435\u0439\u043d\u044b\u0439 \u043a\u043e\u0442\u0435\u043b \u043f\u0440\u0435\u0434\u043d\u0430\u0437\u043d\u0430\u0447\u0435\u043d \u0434\u043b\u044f \u0438\u0441\u043f\u043e\u043b\u044c\u0437\u043e\u0432\u0430\u043d\u0438\u044f \u0441\u043e \u0432\u0441\u0435\u043c\u0438 \u043a\u043e\u0442\u043b\u0430\u043c\u0438. \u0418\u0437\u0433\u043e\u0442\u043e\u0432\u043b\u0435\u043d \u0438\u0437 \u044d\u043c\u0430\u043b\u0438\u0440\u043e\u0432\u0430\u043d\u043d\u043e\u0439 \u0441\u0442\u0430\u043b\u0438, \u0441\u043d\u0430\u0440\u0443\u0436\u0438 &#8212; \u0431\u0435\u043b\u0430\u044f \u041f\u0412\u0425 \u043f\u043b\u0435\u043d\u043a\u0430. \u25b6 \u0423\u0441\u0438\u043b\u0435\u043d\u043d\u0430\u044f \u044d\u043a\u043e\u043b\u043e\u0433\u0438\u0447\u0435\u0441\u043a\u0438 \u0447\u0438\u0441\u0442\u0430\u044f \u0442\u0435\u043f\u043b\u043e\u0438\u0437\u043e\u043b\u044f\u0446\u0438\u044f \u25b6 \u0421\u043c\u0435\u043d\u043d\u044b\u0439 \u043c\u0430\u0433\u043d\u0438\u0435\u0432\u044b\u0439 \u0430\u043d\u043e\u0434 \u0437\u0430\u0449\u0438\u0449\u0430\u0435\u0442 \u043e\u0442 \u043a\u043e\u0440\u0440\u043e\u0437\u0438\u0438. \u25b6&hellip;<\/p>\n","protected":false},"featured_media":3265,"template":"","meta":[],"product_brand":[],"product_cat":[120,93],"product_tag":[],"class_list":{"0":"post-3271","1":"product","2":"type-product","3":"status-publish","4":"has-post-thumbnail","6":"product_cat-bosch-ru","7":"product_cat-93","9":"first","10":"instock","11":"taxable","12":"shipping-taxable","13":"purchasable","14":"product-type-simple"},"_links":{"self":[{"href":"https:\/\/www.gerold.ee\/ru\/wp-json\/wp\/v2\/product\/3271","targetHints":{"allow":["GET"]}}],"collection":[{"href":"https:\/\/www.gerold.ee\/ru\/wp-json\/wp\/v2\/product"}],"about":[{"href":"https:\/\/www.gerold.ee\/ru\/wp-json\/wp\/v2\/types\/product"}],"version-history":[{"count":0,"href":"https:\/\/www.gerold.ee\/ru\/wp-json\/wp\/v2\/product\/3271\/revisions"}],"wp:featuredmedia":[{"embeddable":true,"href":"https:\/\/www.gerold.ee\/ru\/wp-json\/wp\/v2\/media\/3265"}],"wp:attachment":[{"href":"https:\/\/www.gerold.ee\/ru\/wp-json\/wp\/v2\/media?parent=3271"}],"wp:term":[{"taxonomy":"product_brand","embeddable":true,"href":"https:\/\/www.gerold.ee\/ru\/wp-json\/wp\/v2\/product_brand?post=3271"},{"taxonomy":"product_cat","embeddable":true,"href":"https:\/\/www.gerold.ee\/ru\/wp-json\/wp\/v2\/product_cat?post=3271"},{"taxonomy":"product_tag","embeddable":true,"href":"https:\/\/www.gerold.ee\/ru\/wp-json\/wp\/v2\/product_tag?post=3271"}],"curies":[{"name":"wp","href":"https:\/\/api.w.org\/{rel}","templated":true}]}}