{"id":3285,"date":"2021-03-14T15:30:09","date_gmt":"2021-03-14T12:30:09","guid":{"rendered":"https:\/\/www.gerold.ee\/?post_type=product&#038;p=3285"},"modified":"2026-04-11T23:59:13","modified_gmt":"2026-04-11T20:59:13","slug":"bosch-w-750","status":"publish","type":"product","link":"https:\/\/www.gerold.ee\/ru\/product\/bosch-w-750\/","title":{"rendered":"Bosch W 750"},"content":{"rendered":"<p>\u25b6 \u0412\u043e\u0434\u043e\u0433\u0440\u0435\u0439\u043d\u044b\u0439 \u043a\u043e\u0442\u0435\u043b \u0434\u043b\u044f \u0438\u0441\u043f\u043e\u043b\u044c\u0437\u043e\u0432\u0430\u043d\u0438\u044f \u0441 \u0431\u043e\u0439\u043b\u0435\u0440\u0430\u043c\u0438 \u25b6 \u0418\u0437\u0433\u043e\u0442\u043e\u0432\u043b\u0435\u043d \u0438\u0437 \u044d\u043c\u0430\u043b\u0438\u0440\u043e\u0432\u0430\u043d\u043d\u043e\u0439 \u0441\u0442\u0430\u043b\u0438, \u0441\u043d\u0430\u0440\u0443\u0436\u0438 &#8212; \u0438\u0437 \u0441\u0442\u0430\u043b\u0438.<br \/>\n\u25b6 \u041f\u043e\u0434\u043a\u043b\u044e\u0447\u0435\u043d\u0438\u044f \u0434\u043b\u044f \u043e\u0442\u043e\u043f\u043b\u0435\u043d\u0438\u044f, \u0431\u044b\u0442\u043e\u0432\u043e\u0439 \u0432\u043e\u0434\u044b \u0438 \u0446\u0438\u0440\u043a\u0443\u043b\u044f\u0446\u0438\u0438 \u043d\u0430 \u0437\u0430\u0434\u043d\u0435\u0439 \u0441\u0442\u043e\u0440\u043e\u043d\u0435 \u043a\u043e\u0442\u043b\u0430.<br \/>\n\u25b6 \u0423\u0441\u0438\u043b\u0435\u043d\u043d\u0430\u044f \u044d\u043a\u043e\u043b\u043e\u0433\u0438\u0447\u0435\u0441\u043a\u0438 \u0447\u0438\u0441\u0442\u0430\u044f \u0442\u0435\u043f\u043b\u043e\u0438\u0437\u043e\u043b\u044f\u0446\u0438\u044f<br \/>\n\u25b6 \u0421\u043c\u0435\u043d\u043d\u044b\u0439 \u043c\u0430\u0433\u043d\u0438\u0435\u0432\u044b\u0439 \u0430\u043d\u043e\u0434 \u0437\u0430\u0449\u0438\u0449\u0430\u0435\u0442 \u043e\u0442 \u043a\u043e\u0440\u0440\u043e\u0437\u0438\u0438.<br \/>\n\u25b6 \u0424\u043b\u0430\u043d\u0435\u0446 \u0434\u043b\u044f \u043e\u0447\u0438\u0441\u0442\u043a\u0438 \u0431\u0430\u043a\u0430, \u0432\u043e\u0437\u043c\u043e\u0436\u043d\u043e\u0441\u0442\u044c \u043f\u043e\u0434\u043a\u043b\u044e\u0447\u0435\u043d\u0438\u044f \u044d\u043b\u0435\u043a\u0442\u0440\u043e\u043d\u0430\u0433\u0440\u0435\u0432\u0430\u0442\u0435\u043b\u044f \u25b6 \u0414\u0430\u0442\u0447\u0438\u043a \u0442\u0435\u043c\u043f\u0435\u0440\u0430\u0442\u0443\u0440\u044b \u043a\u043e\u0442\u043b\u0430 (NTC) \u0437\u0430\u043a\u0430\u0437\u044b\u0432\u0430\u0435\u0442\u0441\u044f \u043e\u0442\u0434\u0435\u043b\u044c\u043d\u043e.<br \/>\n\u0412\u0430\u0440\u0438\u0430\u043d\u0442\u044b \u0441\u0431\u043e\u0440\u043a\u0438 \u0441\u043c\u043e\u0442\u0440\u0438\u0442\u0435 \u0432 \u0440\u0430\u0437\u0434\u0435\u043b\u0435: \u0410\u0441\u0441\u043e\u0440\u0442\u0438\u043c\u0435\u043d\u0442 \u043f\u0440\u0438\u043d\u0430\u0434\u043b\u0435\u0436\u043d\u043e\u0441\u0442\u0435\u0439 \u0434\u043b\u044f \u0432\u043e\u0434\u043e\u0433\u0440\u0435\u0439\u043d\u044b\u0445 \u043a\u043e\u0442\u043b\u043e\u0432.<\/p>\n<p>\u0422\u0435\u0445\u043d\u0438\u0447\u0435\u0441\u043a\u0438\u0435 \u0445\u0430\u0440\u0430\u043a\u0442\u0435\u0440\u0438\u0441\u0442\u0438\u043a\u0438<\/p>\n<table>\n<tbody>\n<tr>\n<td><span style=\"font-weight: 400;\">T\u00fc\u00fcp<\/span><\/td>\n<td><span style=\"font-weight: 400;\">Kirjeldus<\/span><\/td>\n<td><\/td>\n<td><span style=\"font-weight: 400;\">Tellimisnr<\/span><\/td>\n<td><span style=\"font-weight: 400;\">Hind (EUR)<\/span><\/td>\n<td><span style=\"font-weight: 400;\">Hind koos KM-ga (EUR)<\/span><\/td>\n<\/tr>\n<tr>\n<td><span style=\"font-weight: 400;\">W 500-5 C<\/span><\/td>\n<td rowspan=\"3\"><span style=\"font-weight: 400;\">Kuumaveeboiler, valge<\/span><\/td>\n<td rowspan=\"3\"><\/td>\n<td><span style=\"font-weight: 400;\">7\u00a0736\u00a0502\u00a0362<\/span><\/td>\n<td>1165.58<\/td>\n<td>1422.01<\/td>\n<\/tr>\n<tr>\n<td><span style=\"font-weight: 400;\">W 750-5 C<\/span><\/td>\n<td><span style=\"font-weight: 400;\">7\u00a0735\u00a0500\u00a0278<\/span><\/td>\n<td>1598.62<\/td>\n<td>1950.32<\/td>\n<\/tr>\n<tr>\n<td><span style=\"font-weight: 400;\">W 1000-5 C<\/span><\/td>\n<td><span style=\"font-weight: 400;\">7\u00a0735\u00a0500\u00a0281<\/span><\/td>\n<td>1841.02<\/td>\n<td>2246.04<\/td>\n<\/tr>\n<\/tbody>\n<\/table>\n<p>&nbsp;<\/p>\n<table>\n<tbody>\n<tr>\n<td colspan=\"2\"><\/td>\n<td><\/td>\n<td><span style=\"font-weight: 400;\">W 500<\/span><\/td>\n<td><span style=\"font-weight: 400;\">W 750<\/span><\/td>\n<td><span style=\"font-weight: 400;\">W 1000<\/span><\/td>\n<\/tr>\n<tr>\n<td colspan=\"2\"><span style=\"font-weight: 400;\">Kasulik maht<\/span><\/td>\n<td><span style=\"font-weight: 400;\">l<\/span><\/td>\n<td><span style=\"font-weight: 400;\">500<\/span><\/td>\n<td><span style=\"font-weight: 400;\">740<\/span><\/td>\n<td><span style=\"font-weight: 400;\">960<\/span><\/td>\n<\/tr>\n<tr>\n<td colspan=\"2\"><span style=\"font-weight: 400;\">K\u00fcttepinna max v\u00f5imsus, t<\/span><span style=\"font-weight: 400;\">v <\/span><span style=\"font-weight: 400;\">= 80 \u00b0C, t<\/span><span style=\"font-weight: 400;\">z <\/span><span style=\"font-weight: 400;\">= 45 \u00b0C<\/span><\/td>\n<td><span style=\"font-weight: 400;\">kW<\/span><\/td>\n<td><span style=\"font-weight: 400;\">66,4<\/span><\/td>\n<td><span style=\"font-weight: 400;\">103,6<\/span><\/td>\n<td><span style=\"font-weight: 400;\">111,8<\/span><\/td>\n<\/tr>\n<tr>\n<td colspan=\"2\"><span style=\"font-weight: 400;\">Sooja tarbevee tootlikkus l\u00e4bivoolure\u017eiimis, kui t<\/span><span style=\"font-weight: 400;\">v <\/span><span style=\"font-weight: 400;\">= 80 \u00b0C, t<\/span><span style=\"font-weight: 400;\">z <\/span><span style=\"font-weight: 400;\">= 45 \u00b0C, t<\/span><span style=\"font-weight: 400;\">k <\/span><span style=\"font-weight: 400;\">= 10 \u00b0C<\/span><\/td>\n<td><span style=\"font-weight: 400;\">l\/h<\/span><\/td>\n<td><span style=\"font-weight: 400;\">1620<\/span><\/td>\n<td><span style=\"font-weight: 400;\">2520<\/span><\/td>\n<td><span style=\"font-weight: 400;\">2760<\/span><\/td>\n<\/tr>\n<tr>\n<td colspan=\"2\"><span style=\"font-weight: 400;\">V\u00f5imsustegur N * max v\u00f5imsusel <\/span><span style=\"font-weight: 400;\">L<\/span><\/td>\n<td><\/td>\n<td><span style=\"font-weight: 400;\">18,2<\/span><\/td>\n<td><span style=\"font-weight: 400;\">22,5<\/span><\/td>\n<td><span style=\"font-weight: 400;\">30,4<\/span><\/td>\n<\/tr>\n<tr>\n<td colspan=\"2\"><span style=\"font-weight: 400;\">Soojendamisaeg nominaalv\u00f5imsusel<\/span><\/td>\n<td><span style=\"font-weight: 400;\">min<\/span><\/td>\n<td><span style=\"font-weight: 400;\">44<\/span><\/td>\n<td><span style=\"font-weight: 400;\">42<\/span><\/td>\n<td><span style=\"font-weight: 400;\">51<\/span><\/td>\n<\/tr>\n<tr>\n<td rowspan=\"2\"><span style=\"font-weight: 400;\">\u00dchendused<\/span><\/td>\n<td><span style=\"font-weight: 400;\">vesi<\/span><\/td>\n<td><span style=\"font-weight: 400;\">R<\/span><\/td>\n<td><span style=\"font-weight: 400;\">1 1\u20444\u201d<\/span><\/td>\n<td><span style=\"font-weight: 400;\">1 1\u20444\u201d<\/span><\/td>\n<td><span style=\"font-weight: 400;\">1 1\u20442\u201d<\/span><\/td>\n<\/tr>\n<tr>\n<td><span style=\"font-weight: 400;\">k\u00fcte<\/span><\/td>\n<td><span style=\"font-weight: 400;\">R<\/span><\/td>\n<td><span style=\"font-weight: 400;\">1 1\u20444\u201d<\/span><\/td>\n<td><span style=\"font-weight: 400;\">1 1\u20444\u201d<\/span><\/td>\n<td><span style=\"font-weight: 400;\">1 1\u20442\u201d<\/span><\/td>\n<\/tr>\n<tr>\n<td colspan=\"2\"><span style=\"font-weight: 400;\">Tarbevee max r\u00f5hk<\/span><\/td>\n<td><span style=\"font-weight: 400;\">bar<\/span><\/td>\n<td colspan=\"3\"><span style=\"font-weight: 400;\">10<\/span><\/td>\n<\/tr>\n<tr>\n<td colspan=\"2\"><span style=\"font-weight: 400;\">K\u00fcttevee max r\u00f5hk<\/span><\/td>\n<td><span style=\"font-weight: 400;\">bar<\/span><\/td>\n<td colspan=\"3\"><span style=\"font-weight: 400;\">16<\/span><\/td>\n<\/tr>\n<tr>\n<td colspan=\"2\"><span style=\"font-weight: 400;\">Mass (t\u00fchi boiler ilma pakendita)<\/span><\/td>\n<td><span style=\"font-weight: 400;\">kg<\/span><\/td>\n<td><span style=\"font-weight: 400;\">174<\/span><\/td>\n<td><span style=\"font-weight: 400;\">241<\/span><\/td>\n<td><span style=\"font-weight: 400;\">292<\/span><\/td>\n<\/tr>\n<tr>\n<td colspan=\"2\"><span style=\"font-weight: 400;\">\u00dcmbrise\/kaane v\u00e4rvus<\/span><\/td>\n<td><\/td>\n<td colspan=\"3\"><span style=\"font-weight: 400;\">valge<\/span><\/td>\n<\/tr>\n<tr>\n<td colspan=\"2\"><span style=\"font-weight: 400;\">M\u00f5\u00f5tmed: k\u00f5rgus\/l\u00e4bim\u00f5\u00f5t<\/span><\/td>\n<td><span style=\"font-weight: 400;\">mm<\/span><\/td>\n<td><span style=\"font-weight: 400;\">1870\/780<\/span><\/td>\n<td><span style=\"font-weight: 400;\">1920\/950<\/span><\/td>\n<td><span style=\"font-weight: 400;\">1920\/1070<\/span><\/td>\n<\/tr>\n<\/tbody>\n<\/table>\n<p>&nbsp;<\/p>\n<p><span style=\"font-weight: 400;\">* N<\/span><span style=\"font-weight: 400;\">L <\/span><span style=\"font-weight: 400;\">\u2013 v\u00f5imsustegur (vastavalt DIN 4708, kui t<\/span><span style=\"font-weight: 400;\">v <\/span><span style=\"font-weight: 400;\">= 80 \u00b0C, t<\/span><span style=\"font-weight: 400;\">sp <\/span><span style=\"font-weight: 400;\">= 60 \u00b0C, t<\/span><span style=\"font-weight: 400;\">z <\/span><span style=\"font-weight: 400;\">= 45 \u00b0C, t<\/span><span style=\"font-weight: 400;\">k <\/span><span style=\"font-weight: 400;\">= 10 \u00b0C ja k\u00fcttepinna v\u00f5imsus on maksimaalne) m\u00e4\u00e4rab sooja tarbeveega varustatavate korterite arvu, eeldades, et korteris elab 3,5 inimest, on \u00fcks vann ja kaks valamut\u00a0<\/span><\/p>\n<p><span style=\"font-weight: 400;\">** Arvestamata soojuskadusid v\u00f5rgus <\/span><\/p>\n","protected":false},"excerpt":{"rendered":"<p>\u25b6 \u0412\u043e\u0434\u043e\u0433\u0440\u0435\u0439\u043d\u044b\u0439 \u043a\u043e\u0442\u0435\u043b \u0434\u043b\u044f \u0438\u0441\u043f\u043e\u043b\u044c\u0437\u043e\u0432\u0430\u043d\u0438\u044f \u0441 \u0431\u043e\u0439\u043b\u0435\u0440\u0430\u043c\u0438 \u25b6 \u0418\u0437\u0433\u043e\u0442\u043e\u0432\u043b\u0435\u043d \u0438\u0437 \u044d\u043c\u0430\u043b\u0438\u0440\u043e\u0432\u0430\u043d\u043d\u043e\u0439 \u0441\u0442\u0430\u043b\u0438, \u0441\u043d\u0430\u0440\u0443\u0436\u0438 &#8212; \u0438\u0437 \u0441\u0442\u0430\u043b\u0438. \u25b6 \u041f\u043e\u0434\u043a\u043b\u044e\u0447\u0435\u043d\u0438\u044f \u0434\u043b\u044f \u043e\u0442\u043e\u043f\u043b\u0435\u043d\u0438\u044f, \u0431\u044b\u0442\u043e\u0432\u043e\u0439 \u0432\u043e\u0434\u044b \u0438 \u0446\u0438\u0440\u043a\u0443\u043b\u044f\u0446\u0438\u0438 \u043d\u0430 \u0437\u0430\u0434\u043d\u0435\u0439 \u0441\u0442\u043e\u0440\u043e\u043d\u0435 \u043a\u043e\u0442\u043b\u0430. \u25b6 \u0423\u0441\u0438\u043b\u0435\u043d\u043d\u0430\u044f&hellip;<\/p>\n","protected":false},"featured_media":3281,"template":"","meta":[],"product_brand":[],"product_cat":[120,93],"product_tag":[],"class_list":{"0":"post-3285","1":"product","2":"type-product","3":"status-publish","4":"has-post-thumbnail","6":"product_cat-bosch-ru","7":"product_cat-93","9":"first","10":"instock","11":"taxable","12":"shipping-taxable","13":"purchasable","14":"product-type-simple"},"_links":{"self":[{"href":"https:\/\/www.gerold.ee\/ru\/wp-json\/wp\/v2\/product\/3285","targetHints":{"allow":["GET"]}}],"collection":[{"href":"https:\/\/www.gerold.ee\/ru\/wp-json\/wp\/v2\/product"}],"about":[{"href":"https:\/\/www.gerold.ee\/ru\/wp-json\/wp\/v2\/types\/product"}],"version-history":[{"count":0,"href":"https:\/\/www.gerold.ee\/ru\/wp-json\/wp\/v2\/product\/3285\/revisions"}],"wp:featuredmedia":[{"embeddable":true,"href":"https:\/\/www.gerold.ee\/ru\/wp-json\/wp\/v2\/media\/3281"}],"wp:attachment":[{"href":"https:\/\/www.gerold.ee\/ru\/wp-json\/wp\/v2\/media?parent=3285"}],"wp:term":[{"taxonomy":"product_brand","embeddable":true,"href":"https:\/\/www.gerold.ee\/ru\/wp-json\/wp\/v2\/product_brand?post=3285"},{"taxonomy":"product_cat","embeddable":true,"href":"https:\/\/www.gerold.ee\/ru\/wp-json\/wp\/v2\/product_cat?post=3285"},{"taxonomy":"product_tag","embeddable":true,"href":"https:\/\/www.gerold.ee\/ru\/wp-json\/wp\/v2\/product_tag?post=3285"}],"curies":[{"name":"wp","href":"https:\/\/api.w.org\/{rel}","templated":true}]}}