{"id":3301,"date":"2021-03-14T16:01:41","date_gmt":"2021-03-14T13:01:41","guid":{"rendered":"https:\/\/www.gerold.ee\/?post_type=product&#038;p=3301"},"modified":"2026-04-11T23:55:06","modified_gmt":"2026-04-11T20:55:06","slug":"bosch-compress-7000i-aw-awm-17","status":"publish","type":"product","link":"https:\/\/www.gerold.ee\/ru\/product\/bosch-compress-7000i-aw-awm-17\/","title":{"rendered":"Bosch Compress 7000i AW (AWM 17)"},"content":{"rendered":"<p>\u0422\u0435\u043f\u043b\u043e\u0432\u044b\u0435 \u043d\u0430\u0441\u043e\u0441\u044b \u0432\u043e\u0437\u0434\u0443\u0445-\u0432\u043e\u0434\u0430<br \/>\n\u25b6 \u041c\u043e\u0434\u0443\u043b\u044c \u0442\u0435\u043f\u043b\u043e\u0432\u043e\u0433\u043e \u043d\u0430\u0441\u043e\u0441\u0430 AWM (S) \u043f\u0440\u0435\u0434\u043d\u0430\u0437\u043d\u0430\u0447\u0435\u043d \u0434\u043b\u044f \u0443\u0441\u0442\u0430\u043d\u043e\u0432\u043a\u0438 \u043d\u0430 \u043f\u043e\u043b\u0443 \u0432\u043d\u0443\u0442\u0440\u0438 \u0434\u043e\u043c\u0430.<\/p>\n<p>\u25b6 \u041e\u0431\u043e\u0440\u0443\u0434\u043e\u0432\u0430\u043d \u0432\u043e\u0434\u043e\u0433\u0440\u0435\u0439\u043d\u044b\u043c \u043a\u043e\u0442\u043b\u043e\u043c, \u0434\u043e\u043f\u043e\u043b\u043d\u0438\u0442\u0435\u043b\u044c\u043d\u044b\u043c \u044d\u043b\u0435\u043a\u0442\u0440\u043e\u043d\u0430\u0433\u0440\u0435\u0432\u0430\u0442\u0435\u043b\u0435\u043c, \u0446\u0438\u0440\u043a\u0443\u043b\u044f\u0446\u0438\u043e\u043d\u043d\u044b\u043c \u043d\u0430\u0441\u043e\u0441\u043e\u043c \u0441\u0438\u0441\u0442\u0435\u043c\u044b \u043e\u0442\u043e\u043f\u043b\u0435\u043d\u0438\u044f \u043a\u043b\u0430\u0441\u0441\u0430 \u0410, \u0440\u0430\u0441\u0448\u0438\u0440\u0438\u0442\u0435\u043b\u044c\u043d\u044b\u043c \u0431\u0430\u043a\u043e\u043c \u0441\u0438\u0441\u0442\u0435\u043c\u044b \u043e\u0442\u043e\u043f\u043b\u0435\u043d\u0438\u044f,<br \/>\n\u0441 \u043a\u043e\u043d\u0442\u0440\u043e\u043b\u043b\u0435\u0440\u043e\u043c HPC400 \u0438 IP-\u043c\u043e\u0434\u0443\u043b\u0435\u043c \u0434\u043b\u044f \u0434\u0438\u0441\u0442\u0430\u043d\u0446\u0438\u043e\u043d\u043d\u043e\u0433\u043e \u0443\u043f\u0440\u0430\u0432\u043b\u0435\u043d\u0438\u044f. \u041c\u043e\u0434\u0443\u043b\u044c AWMS \u0438\u043c\u0435\u0435\u0442 \u0434\u043e\u043f\u043e\u043b\u043d\u0438\u0442\u0435\u043b\u044c\u043d\u044b\u0439 \u0442\u0435\u043f\u043b\u043e\u043e\u0431\u043c\u0435\u043d\u043d\u0438\u043a \u0434\u043b\u044f \u0441\u043e\u043b\u043d\u0435\u0447\u043d\u044b\u0445 \u043a\u043e\u043b\u043b\u0435\u043a\u0442\u043e\u0440\u043e\u0432.<br \/>\n\u0434\u043b\u044f \u043f\u043e\u0434\u043a\u043b\u044e\u0447\u0435\u043d\u0438\u044f.<\/p>\n<p>\u25b6 \u041a\u043e\u043d\u0442\u0440\u043e\u043b\u043b\u0435\u0440 HPC400 \u0443\u043f\u0440\u0430\u0432\u043b\u044f\u0435\u0442 \u043d\u0430\u0433\u0440\u0435\u0432\u043e\u043c \u0432\u043e\u0434\u044b \u0434\u043b\u044f \u0431\u044b\u0442\u043e\u0432\u043e\u0433\u043e \u043f\u043e\u0442\u0440\u0435\u0431\u043b\u0435\u043d\u0438\u044f \u0438 \u043e\u0434\u043d\u0438\u043c \u043a\u043e\u043d\u0442\u0443\u0440\u043e\u043c \u043e\u0442\u043e\u043f\u043b\u0435\u043d\u0438\u044f \/ \u043e\u0445\u043b\u0430\u0436\u0434\u0435\u043d\u0438\u044f \u0431\u0435\u0437 \u0441\u043c\u0435\u0441\u0438\u0442\u0435\u043b\u044f. \u0418\u0441\u043f\u043e\u043b\u044c\u0437\u043e\u0432\u0430\u043d\u0438\u0435 \u0430\u043a\u0441\u0435\u0441\u0441\u0443\u0430\u0440\u043e\u0432 EMS 2<br \/>\n\u043c\u043e\u0436\u0435\u0442 \u0431\u044b\u0442\u044c \u043f\u043e\u0434\u043a\u043b\u044e\u0447\u0435\u043d \u043a 4 \u0441\u043c\u0435\u0441\u0438\u0442\u0435\u043b\u044f\u043c \u0434\u043b\u044f \u043a\u043e\u043d\u0442\u0443\u0440\u0430 \u043e\u0442\u043e\u043f\u043b\u0435\u043d\u0438\u044f \/ \u043e\u0445\u043b\u0430\u0436\u0434\u0435\u043d\u0438\u044f, \u0431\u0430\u0441\u0441\u0435\u0439\u043d\u0430 \u0438 \u0441\u043e\u043b\u043d\u0435\u0447\u043d\u043e\u0439 \u0441\u0438\u0441\u0442\u0435\u043c\u044b \u043e\u0442\u043e\u043f\u043b\u0435\u043d\u0438\u044f. \u041c\u043e\u0436\u043d\u043e \u0434\u043e\u0431\u0430\u0432\u0438\u0442\u044c \u043a \u043a\u0430\u0436\u0434\u043e\u043c\u0443 \u043a\u043e\u043d\u0442\u0443\u0440\u0443<br \/>\n\u0440\u0435\u0433\u0443\u043b\u044f\u0442\u043e\u0440 \u0442\u0435\u043c\u043f\u0435\u0440\u0430\u0442\u0443\u0440\u044b \u043f\u043e\u043c\u0435\u0449\u0435\u043d\u0438\u044f CR10.<\/p>\n<p>\u25b6 \u0412 \u043e\u0431\u044a\u0435\u043c \u043f\u043e\u0441\u0442\u0430\u0432\u043a\u0438 \u0432\u0445\u043e\u0434\u0438\u0442 \u0440\u0430\u0437\u043e\u0431\u0440\u0430\u043d\u043d\u044b\u0439 \u0431\u043b\u043e\u043a \u0437\u0430\u0449\u0438\u0442\u044b (\u043f\u0440\u0435\u0434\u043e\u0445\u0440\u0430\u043d\u0438\u0442\u0435\u043b\u044c\u043d\u044b\u0439 \u043a\u043b\u0430\u043f\u0430\u043d, \u043c\u0430\u043d\u043e\u043c\u0435\u0442\u0440, \u0432\u043e\u0437\u0434\u0443\u0445\u043e\u043e\u0442\u0434\u0435\u043b\u0438\u0442\u0435\u043b\u044c, \u0444\u0438\u043b\u044c\u0442\u0440 \u0438 \u0431\u0430\u0439\u043f\u0430\u0441), \u043e\u0431\u043e\u0433\u0440\u0435\u0432\u0430\u0442\u0435\u043b\u044c \u0438<br \/>\n\u0434\u0430\u0442\u0447\u0438\u043a\u0438 \u043d\u0430\u0440\u0443\u0436\u043d\u043e\u0439 \u0442\u0435\u043c\u043f\u0435\u0440\u0430\u0442\u0443\u0440\u044b.<\/p>\n<ul>\n<li style=\"font-weight: 400;\"><\/li>\n<\/ul>\n<p>&nbsp;<\/p>\n<table>\n<tbody>\n<tr>\n<td><span style=\"font-weight: 400;\">T\u00fc\u00fcp<\/span><\/td>\n<td><span style=\"font-weight: 400;\">Kirjeldus<\/span><\/td>\n<td><\/td>\n<td><span style=\"font-weight: 400;\">Tellimisnr<\/span><\/td>\n<td><span style=\"font-weight: 400;\">Hind (EUR)<\/span><\/td>\n<td><span style=\"font-weight: 400;\">Hind koos KM-ga (EUR)<\/span><\/td>\n<\/tr>\n<tr>\n<td><span style=\"font-weight: 400;\">AWM 9<\/span><\/td>\n<td rowspan=\"2\"><span style=\"font-weight: 400;\">P\u00f5randamoodul, valge<\/span><\/td>\n<td><\/td>\n<td><span style=\"font-weight: 400;\">8\u00a0738\u00a0210\u00a0387<\/span><\/td>\n<td>3249.23<\/td>\n<td>3964.06<\/td>\n<\/tr>\n<tr>\n<td><span style=\"font-weight: 400;\">AWM 17<\/span><\/td>\n<td><\/td>\n<td><span style=\"font-weight: 400;\">8\u00a0738\u00a0210\u00a0389<\/span><\/td>\n<td>3799.65<\/td>\n<td>4635.57<\/td>\n<\/tr>\n<tr>\n<td><span style=\"font-weight: 400;\">AWM 9 B<\/span><\/td>\n<td rowspan=\"2\"><span style=\"font-weight: 400;\">P\u00f5randamoodul, must<\/span><\/td>\n<td><\/td>\n<td><span style=\"font-weight: 400;\">8\u00a0738\u00a0210\u00a0391<\/span><\/td>\n<td>3249.23<\/td>\n<td>3964.06<\/td>\n<\/tr>\n<tr>\n<td><span style=\"font-weight: 400;\">AWM 17 B<\/span><\/td>\n<td><\/td>\n<td><span style=\"font-weight: 400;\">8\u00a0738\u00a0210\u00a0393<\/span><\/td>\n<td>3799.65<\/td>\n<td>4635.57<\/td>\n<\/tr>\n<tr>\n<td><span style=\"font-weight: 400;\">AWMS 9<\/span><\/td>\n<td rowspan=\"2\"><span style=\"font-weight: 400;\">P\u00f5randamoodul, p\u00e4ikesek\u00fcte, valge<\/span><\/td>\n<td><\/td>\n<td><span style=\"font-weight: 400;\">8\u00a0738\u00a0210\u00a0388<\/span><\/td>\n<td>3920.83<\/td>\n<td>4783.41<\/td>\n<\/tr>\n<tr>\n<td><span style=\"font-weight: 400;\">AWMS 17<\/span><\/td>\n<td><\/td>\n<td><span style=\"font-weight: 400;\">8\u00a0738\u00a0210\u00a0390<\/span><\/td>\n<td>4436.21<\/td>\n<td>5412.18<\/td>\n<\/tr>\n<tr>\n<td><span style=\"font-weight: 400;\">AWMS 9 B<\/span><\/td>\n<td rowspan=\"2\"><span style=\"font-weight: 400;\">P\u00f5randamoodul, p\u00e4ikesek\u00fcte, must<\/span><\/td>\n<td><\/td>\n<td><span style=\"font-weight: 400;\">8\u00a0738\u00a0210\u00a0392<\/span><\/td>\n<td>3920.83<\/td>\n<td>4783.41<\/td>\n<\/tr>\n<tr>\n<td><span style=\"font-weight: 400;\">AWMS 17 B<\/span><\/td>\n<td><\/td>\n<td><span style=\"font-weight: 400;\">8\u00a0738\u00a0210\u00a0394<\/span><\/td>\n<td>4436.21<\/td>\n<td>5412.18<\/td>\n<\/tr>\n<\/tbody>\n<\/table>\n<p>&nbsp;<\/p>\n<p><b>Tehnilised andmed\u00a0<\/b><\/p>\n<table>\n<tbody>\n<tr>\n<td><\/td>\n<td><\/td>\n<td><span style=\"font-weight: 400;\">AWM 9<\/span><\/td>\n<td><span style=\"font-weight: 400;\">AWMS 9<\/span><\/td>\n<td><span style=\"font-weight: 400;\">AWM 17<\/span><\/td>\n<td><span style=\"font-weight: 400;\">AWMS 17<\/span><\/td>\n<\/tr>\n<tr>\n<td><span style=\"font-weight: 400;\">\u00dchildub:<\/span><\/td>\n<td><\/td>\n<td colspan=\"2\"><span style=\"font-weight: 400;\">CS7000iAW 5-9 OR-S<\/span><\/td>\n<td colspan=\"2\"><span style=\"font-weight: 400;\">CS7000iAW 13-17 OR-T<\/span><\/td>\n<\/tr>\n<tr>\n<td><span style=\"font-weight: 400;\">Kuumaveeboiler<\/span><\/td>\n<td><span style=\"font-weight: 400;\">l<\/span><\/td>\n<td><span style=\"font-weight: 400;\">190<\/span><\/td>\n<td><span style=\"font-weight: 400;\">184<\/span><\/td>\n<td><span style=\"font-weight: 400;\">190<\/span><\/td>\n<td><span style=\"font-weight: 400;\">184<\/span><\/td>\n<\/tr>\n<tr>\n<td><span style=\"font-weight: 400;\">Elektrik\u00fcttekeha<\/span><\/td>\n<td><span style=\"font-weight: 400;\">kW<\/span><\/td>\n<td colspan=\"2\"><span style=\"font-weight: 400;\">2\/ 4\/ 6\/ 9<\/span><\/td>\n<td colspan=\"2\"><span style=\"font-weight: 400;\">3\/ 6\/ 9\/ 12\/ 15<\/span><\/td>\n<\/tr>\n<tr>\n<td><span style=\"font-weight: 400;\">K\u00fctte paisupaak<\/span><\/td>\n<td><span style=\"font-weight: 400;\">l<\/span><\/td>\n<td colspan=\"2\"><span style=\"font-weight: 400;\">10<\/span><\/td>\n<td colspan=\"2\"><span style=\"font-weight: 400;\">13,5<\/span><\/td>\n<\/tr>\n<tr>\n<td><span style=\"font-weight: 400;\">Min.\/maks. t\u00f6\u00f6r\u00f5hk<\/span><\/td>\n<td><span style=\"font-weight: 400;\">bar<\/span><\/td>\n<td colspan=\"4\"><span style=\"font-weight: 400;\">0,5\/ 2,5<\/span><\/td>\n<\/tr>\n<tr>\n<td><span style=\"font-weight: 400;\">K\u00fctte\u00fchendused<\/span><\/td>\n<td><span style=\"font-weight: 400;\">mm<\/span><\/td>\n<td colspan=\"4\"><span style=\"font-weight: 400;\">28 (Cu)<\/span><\/td>\n<\/tr>\n<tr>\n<td><span style=\"font-weight: 400;\">Vee\u00fchendused<\/span><\/td>\n<td><span style=\"font-weight: 400;\">mm<\/span><\/td>\n<td colspan=\"4\"><span style=\"font-weight: 400;\">22 (roostevaba)<\/span><\/td>\n<\/tr>\n<tr>\n<td><span style=\"font-weight: 400;\">Kuumaveeboiler<\/span><\/td>\n<td><span style=\"font-weight: 400;\">l<\/span><\/td>\n<td><span style=\"font-weight: 400;\">190<\/span><\/td>\n<td><span style=\"font-weight: 400;\">184<\/span><\/td>\n<td><span style=\"font-weight: 400;\">190<\/span><\/td>\n<td><span style=\"font-weight: 400;\">184<\/span><\/td>\n<\/tr>\n<tr>\n<td><span style=\"font-weight: 400;\">Elektri\u00fchendus<\/span><\/td>\n<td><\/td>\n<td colspan=\"2\"><span style=\"font-weight: 400;\">400 V~, 3N, 16 A<\/span><\/td>\n<td colspan=\"2\"><span style=\"font-weight: 400;\">400 V~, 3N, 25 A<\/span><\/td>\n<\/tr>\n<tr>\n<td><span style=\"font-weight: 400;\">M\u00f5\u00f5tmed (K x L x S)<\/span><\/td>\n<td><span style=\"font-weight: 400;\">mm<\/span><\/td>\n<td colspan=\"4\"><span style=\"font-weight: 400;\">1800 x 600 x 650<\/span><\/td>\n<\/tr>\n<tr>\n<td><span style=\"font-weight: 400;\">Mass<\/span><\/td>\n<td><span style=\"font-weight: 400;\">kg<\/span><\/td>\n<td><span style=\"font-weight: 400;\">145<\/span><\/td>\n<td><span style=\"font-weight: 400;\">150<\/span><\/td>\n<td><span style=\"font-weight: 400;\">145<\/span><\/td>\n<td><span style=\"font-weight: 400;\">150<\/span><\/td>\n<\/tr>\n<\/tbody>\n<\/table>\n","protected":false},"excerpt":{"rendered":"<p>\u0422\u0435\u043f\u043b\u043e\u0432\u044b\u0435 \u043d\u0430\u0441\u043e\u0441\u044b \u0432\u043e\u0437\u0434\u0443\u0445-\u0432\u043e\u0434\u0430 \u25b6 \u041c\u043e\u0434\u0443\u043b\u044c \u0442\u0435\u043f\u043b\u043e\u0432\u043e\u0433\u043e \u043d\u0430\u0441\u043e\u0441\u0430 AWM (S) \u043f\u0440\u0435\u0434\u043d\u0430\u0437\u043d\u0430\u0447\u0435\u043d \u0434\u043b\u044f \u0443\u0441\u0442\u0430\u043d\u043e\u0432\u043a\u0438 \u043d\u0430 \u043f\u043e\u043b\u0443 \u0432\u043d\u0443\u0442\u0440\u0438 \u0434\u043e\u043c\u0430. \u25b6 \u041e\u0431\u043e\u0440\u0443\u0434\u043e\u0432\u0430\u043d \u0432\u043e\u0434\u043e\u0433\u0440\u0435\u0439\u043d\u044b\u043c \u043a\u043e\u0442\u043b\u043e\u043c, \u0434\u043e\u043f\u043e\u043b\u043d\u0438\u0442\u0435\u043b\u044c\u043d\u044b\u043c \u044d\u043b\u0435\u043a\u0442\u0440\u043e\u043d\u0430\u0433\u0440\u0435\u0432\u0430\u0442\u0435\u043b\u0435\u043c, \u0446\u0438\u0440\u043a\u0443\u043b\u044f\u0446\u0438\u043e\u043d\u043d\u044b\u043c \u043d\u0430\u0441\u043e\u0441\u043e\u043c \u0441\u0438\u0441\u0442\u0435\u043c\u044b \u043e\u0442\u043e\u043f\u043b\u0435\u043d\u0438\u044f \u043a\u043b\u0430\u0441\u0441\u0430 \u0410, \u0440\u0430\u0441\u0448\u0438\u0440\u0438\u0442\u0435\u043b\u044c\u043d\u044b\u043c \u0431\u0430\u043a\u043e\u043c&hellip;<\/p>\n","protected":false},"featured_media":4004,"template":"","meta":[],"product_brand":[],"product_cat":[120,95,101],"product_tag":[],"class_list":{"0":"post-3301","1":"product","2":"type-product","3":"status-publish","4":"has-post-thumbnail","6":"product_cat-bosch-ru","7":"product_cat-95","8":"product_cat-101","10":"first","11":"instock","12":"taxable","13":"shipping-taxable","14":"purchasable","15":"product-type-simple"},"_links":{"self":[{"href":"https:\/\/www.gerold.ee\/ru\/wp-json\/wp\/v2\/product\/3301","targetHints":{"allow":["GET"]}}],"collection":[{"href":"https:\/\/www.gerold.ee\/ru\/wp-json\/wp\/v2\/product"}],"about":[{"href":"https:\/\/www.gerold.ee\/ru\/wp-json\/wp\/v2\/types\/product"}],"version-history":[{"count":0,"href":"https:\/\/www.gerold.ee\/ru\/wp-json\/wp\/v2\/product\/3301\/revisions"}],"wp:featuredmedia":[{"embeddable":true,"href":"https:\/\/www.gerold.ee\/ru\/wp-json\/wp\/v2\/media\/4004"}],"wp:attachment":[{"href":"https:\/\/www.gerold.ee\/ru\/wp-json\/wp\/v2\/media?parent=3301"}],"wp:term":[{"taxonomy":"product_brand","embeddable":true,"href":"https:\/\/www.gerold.ee\/ru\/wp-json\/wp\/v2\/product_brand?post=3301"},{"taxonomy":"product_cat","embeddable":true,"href":"https:\/\/www.gerold.ee\/ru\/wp-json\/wp\/v2\/product_cat?post=3301"},{"taxonomy":"product_tag","embeddable":true,"href":"https:\/\/www.gerold.ee\/ru\/wp-json\/wp\/v2\/product_tag?post=3301"}],"curies":[{"name":"wp","href":"https:\/\/api.w.org\/{rel}","templated":true}]}}