{"id":3347,"date":"2021-03-14T17:21:07","date_gmt":"2021-03-14T14:21:07","guid":{"rendered":"https:\/\/www.gerold.ee\/?post_type=product&#038;p=3347"},"modified":"2026-04-11T23:56:06","modified_gmt":"2026-04-11T20:56:06","slug":"bosch-compress-7000i-aw-awe-9","status":"publish","type":"product","link":"https:\/\/www.gerold.ee\/ru\/product\/bosch-compress-7000i-aw-awe-9\/","title":{"rendered":"Bosch Compress 7000i AW (AWE 9)"},"content":{"rendered":"<p>\u25b6 \u041c\u043e\u0434\u0443\u043b\u044c \u0442\u0435\u043f\u043b\u043e\u0432\u043e\u0433\u043e \u043d\u0430\u0441\u043e\u0441\u0430 AWB \/ E \u043f\u0440\u0435\u0434\u043d\u0430\u0437\u043d\u0430\u0447\u0435\u043d \u0434\u043b\u044f \u043d\u0430\u0441\u0442\u0435\u043d\u043d\u043e\u0433\u043e \u043c\u043e\u043d\u0442\u0430\u0436\u0430 \u0432 \u0434\u043e\u043c\u0435.<br \/>\n\u25b6 \u041e\u0431\u043e\u0440\u0443\u0434\u043e\u0432\u0430\u043d\u0438\u0435: \u0446\u0438\u0440\u043a\u0443\u043b\u044f\u0446\u0438\u043e\u043d\u043d\u044b\u0439 \u043d\u0430\u0441\u043e\u0441 \u043a\u043b\u0430\u0441\u0441\u0430 A, \u043f\u0440\u0435\u0434\u043e\u0445\u0440\u0430\u043d\u0438\u0442\u0435\u043b\u044c\u043d\u044b\u0439 \u043a\u043b\u0430\u043f\u0430\u043d, \u043c\u0430\u043d\u043e\u043c\u0435\u0442\u0440, \u0430\u0432\u0442\u043e\u043c\u0430\u0442\u0438\u0447\u0435\u0441\u043a\u0438\u0439 \u0432\u043e\u0437\u0434\u0443\u0445\u043e\u043e\u0442\u0434\u0435\u043b\u0438\u0442\u0435\u043b\u044c, \u043a\u043e\u043d\u0442\u0440\u043e\u043b\u043b\u0435\u0440 HPC400 \u0438 \u043c\u043e\u0434\u0443\u043b\u044c IP.<br \/>\n\u0434\u043b\u044f \u0434\u0438\u0441\u0442\u0430\u043d\u0446\u0438\u043e\u043d\u043d\u043e\u0433\u043e \u0443\u043f\u0440\u0430\u0432\u043b\u0435\u043d\u0438\u044f. \u041c\u043e\u0434\u0443\u043b\u044c \u0442\u0435\u043f\u043b\u043e\u0432\u043e\u0433\u043e \u043d\u0430\u0441\u043e\u0441\u0430 AWE \u0438\u043c\u0435\u0435\u0442 \u043d\u0430\u0433\u0440\u0435\u0432\u0430\u0442\u0435\u043b\u044c \u043c\u043e\u0449\u043d\u043e\u0441\u0442\u044c\u044e 9 \u043a\u0412\u0442 \u0438 \u0440\u0430\u0441\u0448\u0438\u0440\u0438\u0442\u0435\u043b\u044c\u043d\u044b\u0439 \u0431\u0430\u043a \u0441\u0438\u0441\u0442\u0435\u043c\u044b \u043e\u0442\u043e\u043f\u043b\u0435\u043d\u0438\u044f. \u041c\u043e\u0434\u0443\u043b\u044c \u0442\u0435\u043f\u043b\u043e\u0432\u043e\u0433\u043e \u043d\u0430\u0441\u043e\u0441\u0430 AWB \u0441\u043e \u0441\u043c\u0435\u0441\u0438\u0442\u0435\u043b\u044c\u043d\u044b\u043c \u043a\u043b\u0430\u043f\u0430\u043d\u043e\u043c \u043f\u0440\u0435\u0434\u043d\u0430\u0437\u043d\u0430\u0447\u0435\u043d \u0434\u043b\u044f \u0438\u0441\u043f\u043e\u043b\u044c\u0437\u043e\u0432\u0430\u043d\u0438\u044f \u0441 \u0436\u0438\u0434\u043a\u043e\u0442\u043e\u043f\u043b\u0438\u0432\u043d\u044b\u043c, \u044d\u043b\u0435\u043a\u0442\u0440\u0438\u0447\u0435\u0441\u043a\u0438\u043c \u0438\u043b\u0438 \u0433\u0430\u0437\u043e\u0432\u044b\u043c \u043a\u043e\u0442\u043b\u043e\u043c. \u0412 \u043e\u0431\u043e\u0438\u0445 \u0441\u043b\u0443\u0447\u0430\u044f\u0445 \u043d\u0435\u043e\u0431\u0445\u043e\u0434\u0438\u043c\u043e \u043f\u043e\u0434\u043a\u043b\u044e\u0447\u0438\u0442\u044c \u0432\u043d\u0435\u0448\u043d\u0438\u0439 \u0432\u043e\u0434\u043e\u043d\u0430\u0433\u0440\u0435\u0432\u0430\u0442\u0435\u043b\u044c \u0438 \u043f\u0435\u0440\u0435\u043a\u043b\u044e\u0447\u0430\u044e\u0449\u0438\u0439 \u043a\u043b\u0430\u043f\u0430\u043d \u0434\u043b\u044f \u043d\u0430\u0433\u0440\u0435\u0432\u0430 \u0413\u0412\u0421.<br \/>\n\u25b6 \u041a\u043e\u043d\u0442\u0440\u043e\u043b\u043b\u0435\u0440 HPC400 \u0443\u043f\u0440\u0430\u0432\u043b\u044f\u0435\u0442 \u043d\u0430\u0433\u0440\u0435\u0432\u043e\u043c \u0432\u043e\u0434\u044b \u0434\u043b\u044f \u0431\u044b\u0442\u043e\u0432\u043e\u0433\u043e \u043f\u043e\u0442\u0440\u0435\u0431\u043b\u0435\u043d\u0438\u044f \u0438 \u043e\u0434\u043d\u0438\u043c \u043a\u043e\u043d\u0442\u0443\u0440\u043e\u043c \u043e\u0442\u043e\u043f\u043b\u0435\u043d\u0438\u044f \/ \u043e\u0445\u043b\u0430\u0436\u0434\u0435\u043d\u0438\u044f \u0431\u0435\u0437 \u0441\u043c\u0435\u0441\u0438\u0442\u0435\u043b\u044f. \u0421 \u043f\u043e\u043c\u043e\u0449\u044c\u044e \u0430\u043a\u0441\u0435\u0441\u0441\u0443\u0430\u0440\u043e\u0432 EMS 2 \u043a\u043e\u043d\u0442\u0443\u0440 \u043d\u0430\u0433\u0440\u0435\u0432\u0430 \/ \u043e\u0445\u043b\u0430\u0436\u0434\u0435\u043d\u0438\u044f, \u0431\u0430\u0441\u0441\u0435\u0439\u043d \u0438 \u0441\u043e\u043b\u043d\u0435\u0447\u043d\u0430\u044f \u0441\u0438\u0441\u0442\u0435\u043c\u0430 \u043e\u0442\u043e\u043f\u043b\u0435\u043d\u0438\u044f \u043c\u043e\u0433\u0443\u0442 \u0431\u044b\u0442\u044c \u043f\u043e\u0434\u043a\u043b\u044e\u0447\u0435\u043d\u044b \u043a 4 \u0441\u043c\u0435\u0441\u0438\u0442\u0435\u043b\u044f\u043c. \u041a \u043a\u0430\u0436\u0434\u043e\u043c\u0443 \u043a\u043e\u043d\u0442\u0443\u0440\u0443 \u043c\u043e\u0436\u043d\u043e \u0434\u043e\u0431\u0430\u0432\u0438\u0442\u044c \u0440\u0435\u0433\u0443\u043b\u044f\u0442\u043e\u0440 \u043a\u043e\u043c\u043d\u0430\u0442\u043d\u043e\u0439 \u0442\u0435\u043c\u043f\u0435\u0440\u0430\u0442\u0443\u0440\u044b CR10.<br \/>\n\u25b6 \u0412 \u043e\u0431\u044a\u0435\u043c \u043f\u043e\u0441\u0442\u0430\u0432\u043a\u0438 \u0432\u0445\u043e\u0434\u044f\u0442 \u0444\u0438\u043b\u044c\u0442\u0440 \u043a\u043e\u043d\u0442\u0443\u0440\u0430 \u043e\u0442\u043e\u043f\u043b\u0435\u043d\u0438\u044f, \u0434\u0430\u0442\u0447\u0438\u043a\u0438 \u0442\u0435\u043c\u043f\u0435\u0440\u0430\u0442\u0443\u0440\u044b \u043d\u0430\u0440\u0443\u0436\u043d\u043e\u0433\u043e \u0432\u043e\u0437\u0434\u0443\u0445\u0430, \u043f\u043e\u0434\u0430\u044e\u0449\u0435\u0439 \u043b\u0438\u043d\u0438\u0438 \u043e\u0442\u043e\u043f\u043b\u0435\u043d\u0438\u044f \u0438 \u0413\u0412\u0421.<\/p>\n<table>\n<tbody>\n<tr>\n<td><span style=\"font-weight: 400;\">T\u00fc\u00fcp<\/span><\/td>\n<td><span style=\"font-weight: 400;\">Kirjeldus<\/span><\/td>\n<td><\/td>\n<td><span style=\"font-weight: 400;\">Tellimisnr<\/span><\/td>\n<td><span style=\"font-weight: 400;\">Hind (EUR)<\/span><\/td>\n<td><span style=\"font-weight: 400;\">Hind koos KM-ga (EUR)<\/span><\/td>\n<\/tr>\n<tr>\n<td><span style=\"font-weight: 400;\">AWB 9<\/span><\/td>\n<td rowspan=\"2\"><span style=\"font-weight: 400;\">Seinamoodul, segistiventiiliga<\/span><\/td>\n<td><\/td>\n<td><span style=\"font-weight: 400;\">7\u00a0738\u00a0601\u00a0377<\/span><\/td>\n<td>1500.15<\/td>\n<td>1830.18<\/td>\n<\/tr>\n<tr>\n<td><span style=\"font-weight: 400;\">AWB 17<\/span><\/td>\n<td><\/td>\n<td><span style=\"font-weight: 400;\">7\u00a0738\u00a0601\u00a0378<\/span><\/td>\n<td>1627.90<\/td>\n<td>1986.04<\/td>\n<\/tr>\n<tr>\n<td><span style=\"font-weight: 400;\">AWE 9<\/span><\/td>\n<td rowspan=\"2\"><span style=\"font-weight: 400;\">Seinamoodul, 9 kW elektrik\u00fcttekehaga<\/span><\/td>\n<td><\/td>\n<td><span style=\"font-weight: 400;\">7\u00a0738\u00a0601\u00a0379<\/span><\/td>\n<td>1575.34<\/td>\n<td>1921.92<\/td>\n<\/tr>\n<tr>\n<td><span style=\"font-weight: 400;\">AWE 17<\/span><\/td>\n<td><\/td>\n<td><span style=\"font-weight: 400;\">7\u00a0738\u00a0601\u00a0380<\/span><\/td>\n<td>1709.66<\/td>\n<td>2085.79<\/td>\n<\/tr>\n<\/tbody>\n<\/table>\n<p>&nbsp;<\/p>\n<table>\n<tbody>\n<tr>\n<td><\/td>\n<td><\/td>\n<td><span style=\"font-weight: 400;\">AWB 9<\/span><\/td>\n<td><span style=\"font-weight: 400;\">AWB 17<\/span><\/td>\n<td><span style=\"font-weight: 400;\">AWE 9<\/span><\/td>\n<td><span style=\"font-weight: 400;\">AWE 17<\/span><\/td>\n<\/tr>\n<tr>\n<td><span style=\"font-weight: 400;\">\u00dchildub:<\/span><\/td>\n<td><\/td>\n<td colspan=\"2\"><span style=\"font-weight: 400;\">CS7000iAW 5-9 OR-S<\/span><\/td>\n<td colspan=\"2\"><span style=\"font-weight: 400;\">CS7000iAW 13-17 OR-T<\/span><\/td>\n<\/tr>\n<tr>\n<td><span style=\"font-weight: 400;\">Elektrik\u00fcttekeha<\/span><\/td>\n<td><span style=\"font-weight: 400;\">kW<\/span><\/td>\n<td colspan=\"2\"><span style=\"font-weight: 400;\">&#8212;<\/span><\/td>\n<td colspan=\"2\"><span style=\"font-weight: 400;\">2\/ 4\/ 6\/ 9<\/span><\/td>\n<\/tr>\n<tr>\n<td><span style=\"font-weight: 400;\">K\u00fctte paisupaak<\/span><\/td>\n<td><span style=\"font-weight: 400;\">l<\/span><\/td>\n<td colspan=\"2\"><span style=\"font-weight: 400;\">&#8212;<\/span><\/td>\n<td colspan=\"2\"><span style=\"font-weight: 400;\">8<\/span><\/td>\n<\/tr>\n<tr>\n<td><span style=\"font-weight: 400;\">Min.\/maks. t\u00f6\u00f6r\u00f5hk<\/span><\/td>\n<td><span style=\"font-weight: 400;\">bar<\/span><\/td>\n<td colspan=\"2\"><span style=\"font-weight: 400;\">-\/ 2,5<\/span><\/td>\n<td colspan=\"2\"><span style=\"font-weight: 400;\">0,5\/ 2,5<\/span><\/td>\n<\/tr>\n<tr>\n<td><span style=\"font-weight: 400;\">Lisasoojendi peale\/tagasivool<\/span><\/td>\n<td><\/td>\n<td colspan=\"2\"><span style=\"font-weight: 400;\">1&#8243; v\u00e4liskeere<\/span><\/td>\n<td colspan=\"2\"><span style=\"font-weight: 400;\">&#8212;<\/span><\/td>\n<\/tr>\n<tr>\n<td><span style=\"font-weight: 400;\">K\u00fcttes\u00fcsteemi pealevool, soojuspump<\/span><\/td>\n<td><\/td>\n<td colspan=\"4\"><span style=\"font-weight: 400;\">1&#8243; v\u00e4liskeere<\/span><\/td>\n<\/tr>\n<tr>\n<td><span style=\"font-weight: 400;\">K\u00fcttes\u00fcsteemi tagasivool<\/span><\/td>\n<td><\/td>\n<td colspan=\"4\"><span style=\"font-weight: 400;\">1&#8243; sisekeere<\/span><\/td>\n<\/tr>\n<tr>\n<td><span style=\"font-weight: 400;\">Elektri\u00fchendus<\/span><\/td>\n<td><\/td>\n<td colspan=\"2\"><span style=\"font-weight: 400;\">230 V~, 1N, 10A<\/span><\/td>\n<td colspan=\"2\"><span style=\"font-weight: 400;\">400 V~, 3N, 16 A<\/span><\/td>\n<\/tr>\n<tr>\n<td><span style=\"font-weight: 400;\">M\u00f5\u00f5tmed (K x L x S)<\/span><\/td>\n<td><span style=\"font-weight: 400;\">mm<\/span><\/td>\n<td colspan=\"4\"><span style=\"font-weight: 400;\">700 x 485 x 386<\/span><\/td>\n<\/tr>\n<tr>\n<td><span style=\"font-weight: 400;\">Mass<\/span><\/td>\n<td><span style=\"font-weight: 400;\">kg<\/span><\/td>\n<td colspan=\"2\"><span style=\"font-weight: 400;\">24<\/span><\/td>\n<td colspan=\"2\"><span style=\"font-weight: 400;\">32<\/span><\/td>\n<\/tr>\n<\/tbody>\n<\/table>\n<p>&nbsp;<\/p>\n","protected":false},"excerpt":{"rendered":"<p>\u25b6 \u041c\u043e\u0434\u0443\u043b\u044c \u0442\u0435\u043f\u043b\u043e\u0432\u043e\u0433\u043e \u043d\u0430\u0441\u043e\u0441\u0430 AWB \/ E \u043f\u0440\u0435\u0434\u043d\u0430\u0437\u043d\u0430\u0447\u0435\u043d \u0434\u043b\u044f \u043d\u0430\u0441\u0442\u0435\u043d\u043d\u043e\u0433\u043e \u043c\u043e\u043d\u0442\u0430\u0436\u0430 \u0432 \u0434\u043e\u043c\u0435. \u25b6 \u041e\u0431\u043e\u0440\u0443\u0434\u043e\u0432\u0430\u043d\u0438\u0435: \u0446\u0438\u0440\u043a\u0443\u043b\u044f\u0446\u0438\u043e\u043d\u043d\u044b\u0439 \u043d\u0430\u0441\u043e\u0441 \u043a\u043b\u0430\u0441\u0441\u0430 A, \u043f\u0440\u0435\u0434\u043e\u0445\u0440\u0430\u043d\u0438\u0442\u0435\u043b\u044c\u043d\u044b\u0439 \u043a\u043b\u0430\u043f\u0430\u043d, \u043c\u0430\u043d\u043e\u043c\u0435\u0442\u0440, \u0430\u0432\u0442\u043e\u043c\u0430\u0442\u0438\u0447\u0435\u0441\u043a\u0438\u0439 \u0432\u043e\u0437\u0434\u0443\u0445\u043e\u043e\u0442\u0434\u0435\u043b\u0438\u0442\u0435\u043b\u044c, \u043a\u043e\u043d\u0442\u0440\u043e\u043b\u043b\u0435\u0440 HPC400 \u0438 \u043c\u043e\u0434\u0443\u043b\u044c IP. \u0434\u043b\u044f&hellip;<\/p>\n","protected":false},"featured_media":3338,"template":"","meta":[],"product_brand":[],"product_cat":[120,95],"product_tag":[],"class_list":{"0":"post-3347","1":"product","2":"type-product","3":"status-publish","4":"has-post-thumbnail","6":"product_cat-bosch-ru","7":"product_cat-95","9":"first","10":"instock","11":"taxable","12":"shipping-taxable","13":"purchasable","14":"product-type-simple"},"_links":{"self":[{"href":"https:\/\/www.gerold.ee\/ru\/wp-json\/wp\/v2\/product\/3347","targetHints":{"allow":["GET"]}}],"collection":[{"href":"https:\/\/www.gerold.ee\/ru\/wp-json\/wp\/v2\/product"}],"about":[{"href":"https:\/\/www.gerold.ee\/ru\/wp-json\/wp\/v2\/types\/product"}],"version-history":[{"count":0,"href":"https:\/\/www.gerold.ee\/ru\/wp-json\/wp\/v2\/product\/3347\/revisions"}],"wp:featuredmedia":[{"embeddable":true,"href":"https:\/\/www.gerold.ee\/ru\/wp-json\/wp\/v2\/media\/3338"}],"wp:attachment":[{"href":"https:\/\/www.gerold.ee\/ru\/wp-json\/wp\/v2\/media?parent=3347"}],"wp:term":[{"taxonomy":"product_brand","embeddable":true,"href":"https:\/\/www.gerold.ee\/ru\/wp-json\/wp\/v2\/product_brand?post=3347"},{"taxonomy":"product_cat","embeddable":true,"href":"https:\/\/www.gerold.ee\/ru\/wp-json\/wp\/v2\/product_cat?post=3347"},{"taxonomy":"product_tag","embeddable":true,"href":"https:\/\/www.gerold.ee\/ru\/wp-json\/wp\/v2\/product_tag?post=3347"}],"curies":[{"name":"wp","href":"https:\/\/api.w.org\/{rel}","templated":true}]}}